{"id":441,"date":"2023-11-27T14:44:51","date_gmt":"2023-11-27T13:44:51","guid":{"rendered":"https:\/\/hotelkennedy.ms2.decms.eu\/?page_id=441"},"modified":"2024-02-08T17:00:42","modified_gmt":"2024-02-08T16:00:42","slug":"business-hotel","status":"publish","type":"page","link":"https:\/\/www.hotelkennedy.net\/de\/business-hotel\/","title":{"rendered":"Business-Hotel"},"content":{"rendered":"<p>Obwohl es nicht als <strong>Business-Hotel in Rom<\/strong> konzipiert war, kann das Hotel Kennedy auch Dienstleistungen f\u00fcr die Bed\u00fcrfnisse von Gesch\u00e4ftskunden erbringen.<br \/>\nDas Hotel Kennedy hat in der Tat einige kleine Zimmer, die <strong>Lobby-Zimmer<\/strong> genannt werden, in denen man kleine private Gesch\u00e4ftstreffen in einer professionellen, aber zugleich famili\u00e4ren Atmosph\u00e4re, ohne die typische Steifheit von Business-Hotels abhalten kann.<\/p>\n<p><strong>Kostenlose WLAN-Verbindung<\/strong> mit Glasfaser ist im gesamten Geb\u00e4ude des Hotels Kennedy verf\u00fcgbar.<br \/>\nAuf Wunsch bieten wir f\u00fcr unsere Gesch\u00e4ftskunden <strong>Fax- und Kopierservice<\/strong> an.<\/p>\n","protected":false},"excerpt":{"rendered":"<p>Obwohl es nicht als Business-Hotel in Rom konzipiert war, kann das Hotel Kennedy auch Dienstleistungen f\u00fcr die Bed\u00fcrfnisse von Gesch\u00e4ftskunden erbringen. Das Hotel Kennedy hat in der Tat einige kleine Zimmer, die Lobby-Zimmer genannt werden, in denen man kleine private Gesch\u00e4ftstreffen in einer professionellen, aber zugleich famili\u00e4ren Atmosph\u00e4re, ohne die typische Steifheit von Business-Hotels abhalten [&hellip;]<\/p>\n","protected":false},"author":26,"featured_media":0,"parent":0,"menu_order":50,"comment_status":"closed","ping_status":"closed","template":"","meta":{"footnotes":""},"class_list":["post-441","page","type-page","status-publish","hentry"],"yoast_head":"<!-- This site is optimized with the Yoast SEO plugin v27.3 - https:\/\/yoast.com\/product\/yoast-seo-wordpress\/ -->\n<title>Business-Hotel &#183; Hotel Kennedy &#183;<\/title>\n<meta name=\"description\" content=\"Obwohl es nicht als Business-Hotel in Rom konzipiert war, kann das Hotel Kennedy auch Dienstleistungen f\u00fcr die Bed\u00fcrfnisse von Gesch\u00e4ftskunden erbringen. Das Hotel Kennedy hat in der Tat einige kleine Zimmer, die Lobby-Zimmer genannt werden, in denen man kleine private Gesch\u00e4ftstreffen in einer professionellen, aber zugleich famili\u00e4ren Atmosph\u00e4re, ohne die typische Steifheit von Business-Hotels abhalten kann.  Kostenlose WLAN-Verbindung mit Glasfaser ist im gesamten Geb\u00e4ude des Hotels Kennedy verf\u00fcgbar. Auf Wunsch bieten wir f\u00fcr unsere Gesch\u00e4ftskunden Fax- und Kopierservice an..\" \/>\n<meta name=\"robots\" content=\"index, follow, max-snippet:-1, max-image-preview:large, max-video-preview:-1\" \/>\n<link rel=\"canonical\" href=\"https:\/\/www.hotelkennedy.net\/de\/business-hotel\/\" \/>\n<meta property=\"og:locale\" content=\"de_DE\" \/>\n<meta property=\"og:type\" content=\"article\" \/>\n<meta property=\"og:title\" content=\"Business-Hotel &#183; Hotel Kennedy &#183;\" \/>\n<meta property=\"og:description\" content=\"Obwohl es nicht als Business-Hotel in Rom konzipiert war, kann das Hotel Kennedy auch Dienstleistungen f\u00fcr die Bed\u00fcrfnisse von Gesch\u00e4ftskunden erbringen. Das Hotel Kennedy hat in der Tat einige kleine Zimmer, die Lobby-Zimmer genannt werden, in denen man kleine private Gesch\u00e4ftstreffen in einer professionellen, aber zugleich famili\u00e4ren Atmosph\u00e4re, ohne die typische Steifheit von Business-Hotels abhalten kann.  Kostenlose WLAN-Verbindung mit Glasfaser ist im gesamten Geb\u00e4ude des Hotels Kennedy verf\u00fcgbar. Auf Wunsch bieten wir f\u00fcr unsere Gesch\u00e4ftskunden Fax- und Kopierservice an..\" \/>\n<meta property=\"og:url\" content=\"https:\/\/www.hotelkennedy.net\/de\/business-hotel\/\" \/>\n<meta property=\"og:site_name\" content=\"Hotel Kennedy\" \/>\n<meta property=\"article:modified_time\" content=\"2024-02-08T16:00:42+00:00\" \/>\n<meta name=\"twitter:card\" content=\"summary_large_image\" \/>\n<script type=\"application\/ld+json\" class=\"yoast-schema-graph\">{\"@context\":\"https:\\\/\\\/schema.org\",\"@graph\":[{\"@type\":\"WebPage\",\"@id\":\"https:\\\/\\\/www.hotelkennedy.net\\\/de\\\/business-hotel\\\/\",\"url\":\"https:\\\/\\\/www.hotelkennedy.net\\\/de\\\/business-hotel\\\/\",\"name\":\"Business-Hotel &#183; Hotel Kennedy &#183;\",\"isPartOf\":{\"@id\":\"https:\\\/\\\/www.hotelkennedy.net\\\/de\\\/#website\"},\"datePublished\":\"2023-11-27T13:44:51+00:00\",\"dateModified\":\"2024-02-08T16:00:42+00:00\",\"description\":\"Obwohl es nicht als Business-Hotel in Rom konzipiert war, kann das Hotel Kennedy auch Dienstleistungen f\u00fcr die Bed\u00fcrfnisse von Gesch\u00e4ftskunden erbringen. Das Hotel Kennedy hat in der Tat einige kleine Zimmer, die Lobby-Zimmer genannt werden, in denen man kleine private Gesch\u00e4ftstreffen in einer professionellen, aber zugleich famili\u00e4ren Atmosph\u00e4re, ohne die typische Steifheit von Business-Hotels abhalten kann. Kostenlose WLAN-Verbindung mit Glasfaser ist im gesamten Geb\u00e4ude des Hotels Kennedy verf\u00fcgbar. Auf Wunsch bieten wir f\u00fcr unsere Gesch\u00e4ftskunden Fax- und Kopierservice an..\",\"breadcrumb\":{\"@id\":\"https:\\\/\\\/www.hotelkennedy.net\\\/de\\\/business-hotel\\\/#breadcrumb\"},\"inLanguage\":\"de-DE\",\"potentialAction\":[{\"@type\":\"ReadAction\",\"target\":[\"https:\\\/\\\/www.hotelkennedy.net\\\/de\\\/business-hotel\\\/\"]}]},{\"@type\":\"BreadcrumbList\",\"@id\":\"https:\\\/\\\/www.hotelkennedy.net\\\/de\\\/business-hotel\\\/#breadcrumb\",\"itemListElement\":[{\"@type\":\"ListItem\",\"position\":1,\"name\":\"Home\",\"item\":\"https:\\\/\\\/www.hotelkennedy.net\\\/de\\\/\"},{\"@type\":\"ListItem\",\"position\":2,\"name\":\"Business-Hotel\"}]},{\"@type\":\"WebSite\",\"@id\":\"https:\\\/\\\/www.hotelkennedy.net\\\/de\\\/#website\",\"url\":\"https:\\\/\\\/www.hotelkennedy.net\\\/de\\\/\",\"name\":\"Hotel Kennedy\",\"description\":\"\",\"potentialAction\":[{\"@type\":\"SearchAction\",\"target\":{\"@type\":\"EntryPoint\",\"urlTemplate\":\"https:\\\/\\\/www.hotelkennedy.net\\\/de\\\/?s={search_term_string}\"},\"query-input\":{\"@type\":\"PropertyValueSpecification\",\"valueRequired\":true,\"valueName\":\"search_term_string\"}}],\"inLanguage\":\"de-DE\"}]}<\/script>\n<!-- \/ Yoast SEO plugin. -->","yoast_head_json":{"title":"Business-Hotel &#183; Hotel Kennedy &#183;","description":"Obwohl es nicht als Business-Hotel in Rom konzipiert war, kann das Hotel Kennedy auch Dienstleistungen f\u00fcr die Bed\u00fcrfnisse von Gesch\u00e4ftskunden erbringen. Das Hotel Kennedy hat in der Tat einige kleine Zimmer, die Lobby-Zimmer genannt werden, in denen man kleine private Gesch\u00e4ftstreffen in einer professionellen, aber zugleich famili\u00e4ren Atmosph\u00e4re, ohne die typische Steifheit von Business-Hotels abhalten kann.  Kostenlose WLAN-Verbindung mit Glasfaser ist im gesamten Geb\u00e4ude des Hotels Kennedy verf\u00fcgbar. Auf Wunsch bieten wir f\u00fcr unsere Gesch\u00e4ftskunden Fax- und Kopierservice an..","robots":{"index":"index","follow":"follow","max-snippet":"max-snippet:-1","max-image-preview":"max-image-preview:large","max-video-preview":"max-video-preview:-1"},"canonical":"https:\/\/www.hotelkennedy.net\/de\/business-hotel\/","og_locale":"de_DE","og_type":"article","og_title":"Business-Hotel &#183; Hotel Kennedy &#183;","og_description":"Obwohl es nicht als Business-Hotel in Rom konzipiert war, kann das Hotel Kennedy auch Dienstleistungen f\u00fcr die Bed\u00fcrfnisse von Gesch\u00e4ftskunden erbringen. Das Hotel Kennedy hat in der Tat einige kleine Zimmer, die Lobby-Zimmer genannt werden, in denen man kleine private Gesch\u00e4ftstreffen in einer professionellen, aber zugleich famili\u00e4ren Atmosph\u00e4re, ohne die typische Steifheit von Business-Hotels abhalten kann.  Kostenlose WLAN-Verbindung mit Glasfaser ist im gesamten Geb\u00e4ude des Hotels Kennedy verf\u00fcgbar. Auf Wunsch bieten wir f\u00fcr unsere Gesch\u00e4ftskunden Fax- und Kopierservice an..","og_url":"https:\/\/www.hotelkennedy.net\/de\/business-hotel\/","og_site_name":"Hotel Kennedy","article_modified_time":"2024-02-08T16:00:42+00:00","twitter_card":"summary_large_image","schema":{"@context":"https:\/\/schema.org","@graph":[{"@type":"WebPage","@id":"https:\/\/www.hotelkennedy.net\/de\/business-hotel\/","url":"https:\/\/www.hotelkennedy.net\/de\/business-hotel\/","name":"Business-Hotel &#183; Hotel Kennedy &#183;","isPartOf":{"@id":"https:\/\/www.hotelkennedy.net\/de\/#website"},"datePublished":"2023-11-27T13:44:51+00:00","dateModified":"2024-02-08T16:00:42+00:00","description":"Obwohl es nicht als Business-Hotel in Rom konzipiert war, kann das Hotel Kennedy auch Dienstleistungen f\u00fcr die Bed\u00fcrfnisse von Gesch\u00e4ftskunden erbringen. Das Hotel Kennedy hat in der Tat einige kleine Zimmer, die Lobby-Zimmer genannt werden, in denen man kleine private Gesch\u00e4ftstreffen in einer professionellen, aber zugleich famili\u00e4ren Atmosph\u00e4re, ohne die typische Steifheit von Business-Hotels abhalten kann. Kostenlose WLAN-Verbindung mit Glasfaser ist im gesamten Geb\u00e4ude des Hotels Kennedy verf\u00fcgbar. Auf Wunsch bieten wir f\u00fcr unsere Gesch\u00e4ftskunden Fax- und Kopierservice an..","breadcrumb":{"@id":"https:\/\/www.hotelkennedy.net\/de\/business-hotel\/#breadcrumb"},"inLanguage":"de-DE","potentialAction":[{"@type":"ReadAction","target":["https:\/\/www.hotelkennedy.net\/de\/business-hotel\/"]}]},{"@type":"BreadcrumbList","@id":"https:\/\/www.hotelkennedy.net\/de\/business-hotel\/#breadcrumb","itemListElement":[{"@type":"ListItem","position":1,"name":"Home","item":"https:\/\/www.hotelkennedy.net\/de\/"},{"@type":"ListItem","position":2,"name":"Business-Hotel"}]},{"@type":"WebSite","@id":"https:\/\/www.hotelkennedy.net\/de\/#website","url":"https:\/\/www.hotelkennedy.net\/de\/","name":"Hotel Kennedy","description":"","potentialAction":[{"@type":"SearchAction","target":{"@type":"EntryPoint","urlTemplate":"https:\/\/www.hotelkennedy.net\/de\/?s={search_term_string}"},"query-input":{"@type":"PropertyValueSpecification","valueRequired":true,"valueName":"search_term_string"}}],"inLanguage":"de-DE"}]}},"acf":[],"_links":{"self":[{"href":"https:\/\/www.hotelkennedy.net\/de\/wp-json\/wp\/v2\/pages\/441","targetHints":{"allow":["GET"]}}],"collection":[{"href":"https:\/\/www.hotelkennedy.net\/de\/wp-json\/wp\/v2\/pages"}],"about":[{"href":"https:\/\/www.hotelkennedy.net\/de\/wp-json\/wp\/v2\/types\/page"}],"author":[{"embeddable":true,"href":"https:\/\/www.hotelkennedy.net\/de\/wp-json\/wp\/v2\/users\/26"}],"replies":[{"embeddable":true,"href":"https:\/\/www.hotelkennedy.net\/de\/wp-json\/wp\/v2\/comments?post=441"}],"version-history":[{"count":0,"href":"https:\/\/www.hotelkennedy.net\/de\/wp-json\/wp\/v2\/pages\/441\/revisions"}],"wp:attachment":[{"href":"https:\/\/www.hotelkennedy.net\/de\/wp-json\/wp\/v2\/media?parent=441"}],"curies":[{"name":"wp","href":"https:\/\/api.w.org\/{rel}","templated":true}]}}