{"id":437,"date":"2023-11-27T14:46:15","date_gmt":"2023-11-27T13:46:15","guid":{"rendered":"https:\/\/hotelkennedy.ms2.decms.eu\/?page_id=437"},"modified":"2024-02-08T16:53:16","modified_gmt":"2024-02-08T15:53:16","slug":"donde-estamos","status":"publish","type":"page","link":"https:\/\/www.hotelkennedy.net\/es\/donde-estamos\/","title":{"rendered":"Donde estamos"},"content":{"rendered":"<p>La ubicaci\u00f3n del Hotel Kennedy es estrat\u00e9gica: el Hotel se encuentra en <strong>Roma Termini<\/strong>, a tan solo 5 minutos a pie de la principal estaci\u00f3n de Roma.<\/p>\n<p>Desde aqu\u00ed se extienden las principales l\u00edneas de autob\u00fas y metro.<\/p>\n<p>Cerca de nuestro <strong>Hotel en Roma Termini<\/strong> podr\u00e1 encontrar muchos monumentos interesantes que visitar: las Termas de Diocleciano, el Museo Nacional Romano, el Teatro de la \u00d3pera, Via Nazionale, la Iglesia de San Pietro in Vincoli, el Arco Romani de Galieno y la Iglesia de San Vito, la bas\u00edlica de Santa Mar\u00eda Maggiore, el Acquario Romano (Casa dell&#8217;Architettura) y el Rione Monti.<\/p>\n<p>Desde nuestro <strong>Hotel en Roma Termini<\/strong> el Coliseo, el Foro Romano, la Domus Aurea y el Parque de Trajano est\u00e1n a menos de 1 km. El Quirinal, la Fontana di Trevi y la Piazza di Spagna se encuentran a menos de 15 minutos a pie.<\/p>\n","protected":false},"excerpt":{"rendered":"<p>La ubicaci\u00f3n del Hotel Kennedy es estrat\u00e9gica: el Hotel se encuentra en Roma Termini, a tan solo 5 minutos a pie de la principal estaci\u00f3n de Roma. Desde aqu\u00ed se extienden las principales l\u00edneas de autob\u00fas y metro. Cerca de nuestro Hotel en Roma Termini podr\u00e1 encontrar muchos monumentos interesantes que visitar: las Termas de [&hellip;]<\/p>\n","protected":false},"author":26,"featured_media":0,"parent":0,"menu_order":100,"comment_status":"closed","ping_status":"closed","template":"template-location.php","meta":{"footnotes":""},"yoast_head":"<!-- This site is optimized with the Yoast SEO plugin v22.3 - https:\/\/yoast.com\/wordpress\/plugins\/seo\/ -->\n<title>Donde estamos &#183; Hotel Kennedy &#183;<\/title>\n<meta name=\"description\" content=\"La ubicaci\u00f3n del Hotel Kennedy es estrat\u00e9gica: el Hotel se encuentra en Roma Termini, a tan solo 5 minutos a pie de la principal estaci\u00f3n de Roma.  Desde aqu\u00ed se extienden las principales l\u00edneas de autob\u00fas y metro.  Cerca de nuestro Hotel en Roma Termini podr\u00e1 encontrar muchos monumentos interesantes que visitar: las Termas de Diocleciano, el Museo Nacional Romano, el Teatro de la \u00d3pera, Via Nazionale, la Iglesia de San Pietro in Vincoli, el Arco Romani de Galieno y la Iglesia de San Vito, la bas\u00edlica de Santa Mar\u00eda Maggiore, el Acquario Romano (Casa dell&#039;Architettura) y el Rione Monti.  Desde nuestro Hotel en Roma Termini el Coliseo, el Foro Romano, la Domus Aurea y el Parque de Trajano est\u00e1n a menos de 1 km. El Quirinal, la Fontana di Trevi y la Piazza di Spagna se encuentran a menos de 15 minutos a pie.\" \/>\n<meta name=\"robots\" content=\"index, follow, max-snippet:-1, max-image-preview:large, max-video-preview:-1\" \/>\n<link rel=\"canonical\" href=\"https:\/\/www.hotelkennedy.net\/es\/donde-estamos\/\" \/>\n<meta property=\"og:locale\" content=\"es_ES\" \/>\n<meta property=\"og:type\" content=\"article\" \/>\n<meta property=\"og:title\" content=\"Donde estamos &#183; Hotel Kennedy &#183;\" \/>\n<meta property=\"og:description\" content=\"La ubicaci\u00f3n del Hotel Kennedy es estrat\u00e9gica: el Hotel se encuentra en Roma Termini, a tan solo 5 minutos a pie de la principal estaci\u00f3n de Roma.  Desde aqu\u00ed se extienden las principales l\u00edneas de autob\u00fas y metro.  Cerca de nuestro Hotel en Roma Termini podr\u00e1 encontrar muchos monumentos interesantes que visitar: las Termas de Diocleciano, el Museo Nacional Romano, el Teatro de la \u00d3pera, Via Nazionale, la Iglesia de San Pietro in Vincoli, el Arco Romani de Galieno y la Iglesia de San Vito, la bas\u00edlica de Santa Mar\u00eda Maggiore, el Acquario Romano (Casa dell&#039;Architettura) y el Rione Monti.  Desde nuestro Hotel en Roma Termini el Coliseo, el Foro Romano, la Domus Aurea y el Parque de Trajano est\u00e1n a menos de 1 km. El Quirinal, la Fontana di Trevi y la Piazza di Spagna se encuentran a menos de 15 minutos a pie.\" \/>\n<meta property=\"og:url\" content=\"https:\/\/www.hotelkennedy.net\/es\/donde-estamos\/\" \/>\n<meta property=\"og:site_name\" content=\"Hotel Kennedy\" \/>\n<meta property=\"article:modified_time\" content=\"2024-02-08T15:53:16+00:00\" \/>\n<meta name=\"twitter:card\" content=\"summary_large_image\" \/>\n<meta name=\"twitter:label1\" content=\"Tiempo de lectura\" \/>\n\t<meta name=\"twitter:data1\" content=\"1 minuto\" \/>\n<script type=\"application\/ld+json\" class=\"yoast-schema-graph\">{\"@context\":\"https:\/\/schema.org\",\"@graph\":[{\"@type\":\"WebPage\",\"@id\":\"https:\/\/www.hotelkennedy.net\/es\/donde-estamos\/\",\"url\":\"https:\/\/www.hotelkennedy.net\/es\/donde-estamos\/\",\"name\":\"Donde estamos &#183; Hotel Kennedy &#183;\",\"isPartOf\":{\"@id\":\"https:\/\/www.hotelkennedy.net\/es\/#website\"},\"datePublished\":\"2023-11-27T13:46:15+00:00\",\"dateModified\":\"2024-02-08T15:53:16+00:00\",\"description\":\"La ubicaci\u00f3n del Hotel Kennedy es estrat\u00e9gica: el Hotel se encuentra en Roma Termini, a tan solo 5 minutos a pie de la principal estaci\u00f3n de Roma. Desde aqu\u00ed se extienden las principales l\u00edneas de autob\u00fas y metro. Cerca de nuestro Hotel en Roma Termini podr\u00e1 encontrar muchos monumentos interesantes que visitar: las Termas de Diocleciano, el Museo Nacional Romano, el Teatro de la \u00d3pera, Via Nazionale, la Iglesia de San Pietro in Vincoli, el Arco Romani de Galieno y la Iglesia de San Vito, la bas\u00edlica de Santa Mar\u00eda Maggiore, el Acquario Romano (Casa dell'Architettura) y el Rione Monti. Desde nuestro Hotel en Roma Termini el Coliseo, el Foro Romano, la Domus Aurea y el Parque de Trajano est\u00e1n a menos de 1 km. El Quirinal, la Fontana di Trevi y la Piazza di Spagna se encuentran a menos de 15 minutos a pie.\",\"breadcrumb\":{\"@id\":\"https:\/\/www.hotelkennedy.net\/es\/donde-estamos\/#breadcrumb\"},\"inLanguage\":\"es\",\"potentialAction\":[{\"@type\":\"ReadAction\",\"target\":[\"https:\/\/www.hotelkennedy.net\/es\/donde-estamos\/\"]}]},{\"@type\":\"BreadcrumbList\",\"@id\":\"https:\/\/www.hotelkennedy.net\/es\/donde-estamos\/#breadcrumb\",\"itemListElement\":[{\"@type\":\"ListItem\",\"position\":1,\"name\":\"Home\",\"item\":\"https:\/\/www.hotelkennedy.net\/es\/\"},{\"@type\":\"ListItem\",\"position\":2,\"name\":\"Donde estamos\"}]},{\"@type\":\"WebSite\",\"@id\":\"https:\/\/www.hotelkennedy.net\/es\/#website\",\"url\":\"https:\/\/www.hotelkennedy.net\/es\/\",\"name\":\"Hotel Kennedy\",\"description\":\"\",\"potentialAction\":[{\"@type\":\"SearchAction\",\"target\":{\"@type\":\"EntryPoint\",\"urlTemplate\":\"https:\/\/www.hotelkennedy.net\/es\/?s={search_term_string}\"},\"query-input\":\"required name=search_term_string\"}],\"inLanguage\":\"es\"}]}<\/script>\n<!-- \/ Yoast SEO plugin. -->","yoast_head_json":{"title":"Donde estamos &#183; Hotel Kennedy &#183;","description":"La ubicaci\u00f3n del Hotel Kennedy es estrat\u00e9gica: el Hotel se encuentra en Roma Termini, a tan solo 5 minutos a pie de la principal estaci\u00f3n de Roma.  Desde aqu\u00ed se extienden las principales l\u00edneas de autob\u00fas y metro.  Cerca de nuestro Hotel en Roma Termini podr\u00e1 encontrar muchos monumentos interesantes que visitar: las Termas de Diocleciano, el Museo Nacional Romano, el Teatro de la \u00d3pera, Via Nazionale, la Iglesia de San Pietro in Vincoli, el Arco Romani de Galieno y la Iglesia de San Vito, la bas\u00edlica de Santa Mar\u00eda Maggiore, el Acquario Romano (Casa dell'Architettura) y el Rione Monti.  Desde nuestro Hotel en Roma Termini el Coliseo, el Foro Romano, la Domus Aurea y el Parque de Trajano est\u00e1n a menos de 1 km. El Quirinal, la Fontana di Trevi y la Piazza di Spagna se encuentran a menos de 15 minutos a pie.","robots":{"index":"index","follow":"follow","max-snippet":"max-snippet:-1","max-image-preview":"max-image-preview:large","max-video-preview":"max-video-preview:-1"},"canonical":"https:\/\/www.hotelkennedy.net\/es\/donde-estamos\/","og_locale":"es_ES","og_type":"article","og_title":"Donde estamos &#183; Hotel Kennedy &#183;","og_description":"La ubicaci\u00f3n del Hotel Kennedy es estrat\u00e9gica: el Hotel se encuentra en Roma Termini, a tan solo 5 minutos a pie de la principal estaci\u00f3n de Roma.  Desde aqu\u00ed se extienden las principales l\u00edneas de autob\u00fas y metro.  Cerca de nuestro Hotel en Roma Termini podr\u00e1 encontrar muchos monumentos interesantes que visitar: las Termas de Diocleciano, el Museo Nacional Romano, el Teatro de la \u00d3pera, Via Nazionale, la Iglesia de San Pietro in Vincoli, el Arco Romani de Galieno y la Iglesia de San Vito, la bas\u00edlica de Santa Mar\u00eda Maggiore, el Acquario Romano (Casa dell'Architettura) y el Rione Monti.  Desde nuestro Hotel en Roma Termini el Coliseo, el Foro Romano, la Domus Aurea y el Parque de Trajano est\u00e1n a menos de 1 km. El Quirinal, la Fontana di Trevi y la Piazza di Spagna se encuentran a menos de 15 minutos a pie.","og_url":"https:\/\/www.hotelkennedy.net\/es\/donde-estamos\/","og_site_name":"Hotel Kennedy","article_modified_time":"2024-02-08T15:53:16+00:00","twitter_card":"summary_large_image","twitter_misc":{"Tiempo de lectura":"1 minuto"},"schema":{"@context":"https:\/\/schema.org","@graph":[{"@type":"WebPage","@id":"https:\/\/www.hotelkennedy.net\/es\/donde-estamos\/","url":"https:\/\/www.hotelkennedy.net\/es\/donde-estamos\/","name":"Donde estamos &#183; Hotel Kennedy &#183;","isPartOf":{"@id":"https:\/\/www.hotelkennedy.net\/es\/#website"},"datePublished":"2023-11-27T13:46:15+00:00","dateModified":"2024-02-08T15:53:16+00:00","description":"La ubicaci\u00f3n del Hotel Kennedy es estrat\u00e9gica: el Hotel se encuentra en Roma Termini, a tan solo 5 minutos a pie de la principal estaci\u00f3n de Roma. Desde aqu\u00ed se extienden las principales l\u00edneas de autob\u00fas y metro. Cerca de nuestro Hotel en Roma Termini podr\u00e1 encontrar muchos monumentos interesantes que visitar: las Termas de Diocleciano, el Museo Nacional Romano, el Teatro de la \u00d3pera, Via Nazionale, la Iglesia de San Pietro in Vincoli, el Arco Romani de Galieno y la Iglesia de San Vito, la bas\u00edlica de Santa Mar\u00eda Maggiore, el Acquario Romano (Casa dell'Architettura) y el Rione Monti. Desde nuestro Hotel en Roma Termini el Coliseo, el Foro Romano, la Domus Aurea y el Parque de Trajano est\u00e1n a menos de 1 km. El Quirinal, la Fontana di Trevi y la Piazza di Spagna se encuentran a menos de 15 minutos a pie.","breadcrumb":{"@id":"https:\/\/www.hotelkennedy.net\/es\/donde-estamos\/#breadcrumb"},"inLanguage":"es","potentialAction":[{"@type":"ReadAction","target":["https:\/\/www.hotelkennedy.net\/es\/donde-estamos\/"]}]},{"@type":"BreadcrumbList","@id":"https:\/\/www.hotelkennedy.net\/es\/donde-estamos\/#breadcrumb","itemListElement":[{"@type":"ListItem","position":1,"name":"Home","item":"https:\/\/www.hotelkennedy.net\/es\/"},{"@type":"ListItem","position":2,"name":"Donde estamos"}]},{"@type":"WebSite","@id":"https:\/\/www.hotelkennedy.net\/es\/#website","url":"https:\/\/www.hotelkennedy.net\/es\/","name":"Hotel Kennedy","description":"","potentialAction":[{"@type":"SearchAction","target":{"@type":"EntryPoint","urlTemplate":"https:\/\/www.hotelkennedy.net\/es\/?s={search_term_string}"},"query-input":"required name=search_term_string"}],"inLanguage":"es"}]}},"acf":[],"_links":{"self":[{"href":"https:\/\/www.hotelkennedy.net\/es\/wp-json\/wp\/v2\/pages\/437"}],"collection":[{"href":"https:\/\/www.hotelkennedy.net\/es\/wp-json\/wp\/v2\/pages"}],"about":[{"href":"https:\/\/www.hotelkennedy.net\/es\/wp-json\/wp\/v2\/types\/page"}],"author":[{"embeddable":true,"href":"https:\/\/www.hotelkennedy.net\/es\/wp-json\/wp\/v2\/users\/26"}],"replies":[{"embeddable":true,"href":"https:\/\/www.hotelkennedy.net\/es\/wp-json\/wp\/v2\/comments?post=437"}],"version-history":[{"count":0,"href":"https:\/\/www.hotelkennedy.net\/es\/wp-json\/wp\/v2\/pages\/437\/revisions"}],"wp:attachment":[{"href":"https:\/\/www.hotelkennedy.net\/es\/wp-json\/wp\/v2\/media?parent=437"}],"curies":[{"name":"wp","href":"https:\/\/api.w.org\/{rel}","templated":true}]}}