{"id":452,"date":"2023-11-27T14:44:46","date_gmt":"2023-11-27T13:44:46","guid":{"rendered":"https:\/\/hotelkennedy.ms2.decms.eu\/?page_id=452"},"modified":"2024-12-31T12:01:57","modified_gmt":"2024-12-31T11:01:57","slug":"dependencia-jfk","status":"publish","type":"page","link":"https:\/\/www.hotelkennedy.net\/es\/dependencia-jfk\/","title":{"rendered":"Dependencia JFK"},"content":{"rendered":"<p>El Hotel Kennedy ofrece la <strong>JFK House<\/strong>, una nueva soluci\u00f3n de alojamiento que promete una experiencia diferente a la de un hotel cl\u00e1sico: la dependencia, una <strong>estructura separada<\/strong> del Hotel Kennedy, se dirige a un tipo de clientela que quiere m\u00e1s <strong>privacidad<\/strong> y <strong>autonom\u00eda absoluta para entrar y salir<\/strong> del alojamiento. El anfitri\u00f3n, de hecho, siempre lleva la llave con \u00e9l y no interact\u00faa con el personal, que no est\u00e1 presente en la estructura (excepto a partir de las 11 para la limpieza diaria).<\/p>\n<p>Este tipo de casa, inaugurada en agosto de 2014, nace de la petici\u00f3n de nuestros clientes para tener un lugar donde alojarse en Roma, donde se garantice la <strong>privacidad, comodidad y tranquilidad<\/strong> mientras siguen estando en el centro. En esto sentido, es la ubicaci\u00f3n preferida por los <strong>clientes de negocios<\/strong>.<\/p>\n","protected":false},"excerpt":{"rendered":"<p>El Hotel Kennedy ofrece la JFK House, una nueva soluci\u00f3n de alojamiento que promete una experiencia diferente a la de un hotel cl\u00e1sico: la dependencia, una estructura separada del Hotel Kennedy, se dirige a un tipo de clientela que quiere m\u00e1s privacidad y autonom\u00eda absoluta para entrar y salir del alojamiento. El anfitri\u00f3n, de hecho, [&hellip;]<\/p>\n","protected":false},"author":26,"featured_media":0,"parent":0,"menu_order":30,"comment_status":"closed","ping_status":"closed","template":"template-dependance.php","meta":{"footnotes":""},"class_list":["post-452","page","type-page","status-publish","hentry"],"yoast_head":"<!-- This site is optimized with the Yoast SEO plugin v27.3 - https:\/\/yoast.com\/product\/yoast-seo-wordpress\/ -->\n<title>Dependencia JFK &#183; Hotel Kennedy &#183;<\/title>\n<meta name=\"description\" content=\"El Hotel Kennedy ofrece la JFK House, una nueva soluci\u00f3n de alojamiento que promete una experiencia diferente a la de un hotel cl\u00e1sico: la dependencia, una estructura separada del Hotel Kennedy, se dirige a un tipo de clientela que quiere m\u00e1s privacidad y autonom\u00eda absoluta para entrar y salir del alojamiento. El anfitri\u00f3n, de hecho, siempre lleva la llave con \u00e9l y no interact\u00faa con el personal, que no est\u00e1 presente en la estructura (excepto a partir de las 11 para la limpieza diaria).  Este tipo de casa, inaugurada en agosto de 2014, nace de la petici\u00f3n de nuestros clientes para tener un lugar donde alojarse en Roma, donde se garantice la privacidad, comodidad y tranquilidad mientras siguen estando en el centro\" \/>\n<meta name=\"robots\" content=\"index, follow, max-snippet:-1, max-image-preview:large, max-video-preview:-1\" \/>\n<link rel=\"canonical\" href=\"https:\/\/www.hotelkennedy.net\/es\/dependencia-jfk\/\" \/>\n<meta property=\"og:locale\" content=\"es_ES\" \/>\n<meta property=\"og:type\" content=\"article\" \/>\n<meta property=\"og:title\" content=\"Dependencia JFK &#183; Hotel Kennedy &#183;\" \/>\n<meta property=\"og:description\" content=\"El Hotel Kennedy ofrece la JFK House, una nueva soluci\u00f3n de alojamiento que promete una experiencia diferente a la de un hotel cl\u00e1sico: la dependencia, una estructura separada del Hotel Kennedy, se dirige a un tipo de clientela que quiere m\u00e1s privacidad y autonom\u00eda absoluta para entrar y salir del alojamiento. El anfitri\u00f3n, de hecho, siempre lleva la llave con \u00e9l y no interact\u00faa con el personal, que no est\u00e1 presente en la estructura (excepto a partir de las 11 para la limpieza diaria).  Este tipo de casa, inaugurada en agosto de 2014, nace de la petici\u00f3n de nuestros clientes para tener un lugar donde alojarse en Roma, donde se garantice la privacidad, comodidad y tranquilidad mientras siguen estando en el centro\" \/>\n<meta property=\"og:url\" content=\"https:\/\/www.hotelkennedy.net\/es\/dependencia-jfk\/\" \/>\n<meta property=\"og:site_name\" content=\"Hotel Kennedy\" \/>\n<meta property=\"article:modified_time\" content=\"2024-12-31T11:01:57+00:00\" \/>\n<meta name=\"twitter:card\" content=\"summary_large_image\" \/>\n<meta name=\"twitter:label1\" content=\"Tiempo de lectura\" \/>\n\t<meta name=\"twitter:data1\" content=\"1 minuto\" \/>\n<script type=\"application\/ld+json\" class=\"yoast-schema-graph\">{\"@context\":\"https:\\\/\\\/schema.org\",\"@graph\":[{\"@type\":\"WebPage\",\"@id\":\"https:\\\/\\\/www.hotelkennedy.net\\\/es\\\/dependencia-jfk\\\/\",\"url\":\"https:\\\/\\\/www.hotelkennedy.net\\\/es\\\/dependencia-jfk\\\/\",\"name\":\"Dependencia JFK &#183; Hotel Kennedy &#183;\",\"isPartOf\":{\"@id\":\"https:\\\/\\\/www.hotelkennedy.net\\\/es\\\/#website\"},\"datePublished\":\"2023-11-27T13:44:46+00:00\",\"dateModified\":\"2024-12-31T11:01:57+00:00\",\"description\":\"El Hotel Kennedy ofrece la JFK House, una nueva soluci\u00f3n de alojamiento que promete una experiencia diferente a la de un hotel cl\u00e1sico: la dependencia, una estructura separada del Hotel Kennedy, se dirige a un tipo de clientela que quiere m\u00e1s privacidad y autonom\u00eda absoluta para entrar y salir del alojamiento. El anfitri\u00f3n, de hecho, siempre lleva la llave con \u00e9l y no interact\u00faa con el personal, que no est\u00e1 presente en la estructura (excepto a partir de las 11 para la limpieza diaria). Este tipo de casa, inaugurada en agosto de 2014, nace de la petici\u00f3n de nuestros clientes para tener un lugar donde alojarse en Roma, donde se garantice la privacidad, comodidad y tranquilidad mientras siguen estando en el centro\",\"breadcrumb\":{\"@id\":\"https:\\\/\\\/www.hotelkennedy.net\\\/es\\\/dependencia-jfk\\\/#breadcrumb\"},\"inLanguage\":\"es\",\"potentialAction\":[{\"@type\":\"ReadAction\",\"target\":[\"https:\\\/\\\/www.hotelkennedy.net\\\/es\\\/dependencia-jfk\\\/\"]}]},{\"@type\":\"BreadcrumbList\",\"@id\":\"https:\\\/\\\/www.hotelkennedy.net\\\/es\\\/dependencia-jfk\\\/#breadcrumb\",\"itemListElement\":[{\"@type\":\"ListItem\",\"position\":1,\"name\":\"Home\",\"item\":\"https:\\\/\\\/www.hotelkennedy.net\\\/es\\\/\"},{\"@type\":\"ListItem\",\"position\":2,\"name\":\"Dependencia JFK\"}]},{\"@type\":\"WebSite\",\"@id\":\"https:\\\/\\\/www.hotelkennedy.net\\\/es\\\/#website\",\"url\":\"https:\\\/\\\/www.hotelkennedy.net\\\/es\\\/\",\"name\":\"Hotel Kennedy\",\"description\":\"\",\"potentialAction\":[{\"@type\":\"SearchAction\",\"target\":{\"@type\":\"EntryPoint\",\"urlTemplate\":\"https:\\\/\\\/www.hotelkennedy.net\\\/es\\\/?s={search_term_string}\"},\"query-input\":{\"@type\":\"PropertyValueSpecification\",\"valueRequired\":true,\"valueName\":\"search_term_string\"}}],\"inLanguage\":\"es\"}]}<\/script>\n<!-- \/ Yoast SEO plugin. -->","yoast_head_json":{"title":"Dependencia JFK &#183; Hotel Kennedy &#183;","description":"El Hotel Kennedy ofrece la JFK House, una nueva soluci\u00f3n de alojamiento que promete una experiencia diferente a la de un hotel cl\u00e1sico: la dependencia, una estructura separada del Hotel Kennedy, se dirige a un tipo de clientela que quiere m\u00e1s privacidad y autonom\u00eda absoluta para entrar y salir del alojamiento. El anfitri\u00f3n, de hecho, siempre lleva la llave con \u00e9l y no interact\u00faa con el personal, que no est\u00e1 presente en la estructura (excepto a partir de las 11 para la limpieza diaria).  Este tipo de casa, inaugurada en agosto de 2014, nace de la petici\u00f3n de nuestros clientes para tener un lugar donde alojarse en Roma, donde se garantice la privacidad, comodidad y tranquilidad mientras siguen estando en el centro","robots":{"index":"index","follow":"follow","max-snippet":"max-snippet:-1","max-image-preview":"max-image-preview:large","max-video-preview":"max-video-preview:-1"},"canonical":"https:\/\/www.hotelkennedy.net\/es\/dependencia-jfk\/","og_locale":"es_ES","og_type":"article","og_title":"Dependencia JFK &#183; Hotel Kennedy &#183;","og_description":"El Hotel Kennedy ofrece la JFK House, una nueva soluci\u00f3n de alojamiento que promete una experiencia diferente a la de un hotel cl\u00e1sico: la dependencia, una estructura separada del Hotel Kennedy, se dirige a un tipo de clientela que quiere m\u00e1s privacidad y autonom\u00eda absoluta para entrar y salir del alojamiento. El anfitri\u00f3n, de hecho, siempre lleva la llave con \u00e9l y no interact\u00faa con el personal, que no est\u00e1 presente en la estructura (excepto a partir de las 11 para la limpieza diaria).  Este tipo de casa, inaugurada en agosto de 2014, nace de la petici\u00f3n de nuestros clientes para tener un lugar donde alojarse en Roma, donde se garantice la privacidad, comodidad y tranquilidad mientras siguen estando en el centro","og_url":"https:\/\/www.hotelkennedy.net\/es\/dependencia-jfk\/","og_site_name":"Hotel Kennedy","article_modified_time":"2024-12-31T11:01:57+00:00","twitter_card":"summary_large_image","twitter_misc":{"Tiempo de lectura":"1 minuto"},"schema":{"@context":"https:\/\/schema.org","@graph":[{"@type":"WebPage","@id":"https:\/\/www.hotelkennedy.net\/es\/dependencia-jfk\/","url":"https:\/\/www.hotelkennedy.net\/es\/dependencia-jfk\/","name":"Dependencia JFK &#183; Hotel Kennedy &#183;","isPartOf":{"@id":"https:\/\/www.hotelkennedy.net\/es\/#website"},"datePublished":"2023-11-27T13:44:46+00:00","dateModified":"2024-12-31T11:01:57+00:00","description":"El Hotel Kennedy ofrece la JFK House, una nueva soluci\u00f3n de alojamiento que promete una experiencia diferente a la de un hotel cl\u00e1sico: la dependencia, una estructura separada del Hotel Kennedy, se dirige a un tipo de clientela que quiere m\u00e1s privacidad y autonom\u00eda absoluta para entrar y salir del alojamiento. El anfitri\u00f3n, de hecho, siempre lleva la llave con \u00e9l y no interact\u00faa con el personal, que no est\u00e1 presente en la estructura (excepto a partir de las 11 para la limpieza diaria). Este tipo de casa, inaugurada en agosto de 2014, nace de la petici\u00f3n de nuestros clientes para tener un lugar donde alojarse en Roma, donde se garantice la privacidad, comodidad y tranquilidad mientras siguen estando en el centro","breadcrumb":{"@id":"https:\/\/www.hotelkennedy.net\/es\/dependencia-jfk\/#breadcrumb"},"inLanguage":"es","potentialAction":[{"@type":"ReadAction","target":["https:\/\/www.hotelkennedy.net\/es\/dependencia-jfk\/"]}]},{"@type":"BreadcrumbList","@id":"https:\/\/www.hotelkennedy.net\/es\/dependencia-jfk\/#breadcrumb","itemListElement":[{"@type":"ListItem","position":1,"name":"Home","item":"https:\/\/www.hotelkennedy.net\/es\/"},{"@type":"ListItem","position":2,"name":"Dependencia JFK"}]},{"@type":"WebSite","@id":"https:\/\/www.hotelkennedy.net\/es\/#website","url":"https:\/\/www.hotelkennedy.net\/es\/","name":"Hotel Kennedy","description":"","potentialAction":[{"@type":"SearchAction","target":{"@type":"EntryPoint","urlTemplate":"https:\/\/www.hotelkennedy.net\/es\/?s={search_term_string}"},"query-input":{"@type":"PropertyValueSpecification","valueRequired":true,"valueName":"search_term_string"}}],"inLanguage":"es"}]}},"acf":[],"_links":{"self":[{"href":"https:\/\/www.hotelkennedy.net\/es\/wp-json\/wp\/v2\/pages\/452","targetHints":{"allow":["GET"]}}],"collection":[{"href":"https:\/\/www.hotelkennedy.net\/es\/wp-json\/wp\/v2\/pages"}],"about":[{"href":"https:\/\/www.hotelkennedy.net\/es\/wp-json\/wp\/v2\/types\/page"}],"author":[{"embeddable":true,"href":"https:\/\/www.hotelkennedy.net\/es\/wp-json\/wp\/v2\/users\/26"}],"replies":[{"embeddable":true,"href":"https:\/\/www.hotelkennedy.net\/es\/wp-json\/wp\/v2\/comments?post=452"}],"version-history":[{"count":0,"href":"https:\/\/www.hotelkennedy.net\/es\/wp-json\/wp\/v2\/pages\/452\/revisions"}],"wp:attachment":[{"href":"https:\/\/www.hotelkennedy.net\/es\/wp-json\/wp\/v2\/media?parent=452"}],"curies":[{"name":"wp","href":"https:\/\/api.w.org\/{rel}","templated":true}]}}