{"id":462,"date":"2023-11-27T15:17:16","date_gmt":"2023-11-27T14:17:16","guid":{"rendered":"https:\/\/hotelkennedy.ms2.decms.eu\/?page_id=462"},"modified":"2024-12-31T12:02:20","modified_gmt":"2024-12-31T11:02:20","slug":"jackies-in-rome-apartments","status":"publish","type":"page","link":"https:\/\/www.hotelkennedy.net\/es\/jackies-in-rome-apartments\/","title":{"rendered":"Jackie\u2019s in Rome Apartments"},"content":{"rendered":"<p>El nombre de Jackie&#8217;s in Rome naci\u00f3 para celebrar la famosa obra de Andy Warhol dedicada a Jacqueline Kennedy, de la que sacamos inspiraci\u00f3n.<\/p>\n<p>Jackie&#8217;s in Rome apartmenes &#8211; The Red Jackie&#8217;s y The Blue Jackie&#8217;s (45 metros cuadrados y 48 metros cuadrados) son dos casas de vacaciones en Roma perfectas para visitar la ciudad libremente, aseguran un <strong>alto est\u00e1ndar de calidad en la recepci\u00f3n<\/strong>, muebles y gusto arquitect\u00f3nico y de servicios como si fuera un hotel.<\/p>\n","protected":false},"excerpt":{"rendered":"<p>El nombre de Jackie&#8217;s in Rome naci\u00f3 para celebrar la famosa obra de Andy Warhol dedicada a Jacqueline Kennedy, de la que sacamos inspiraci\u00f3n. Jackie&#8217;s in Rome apartmenes &#8211; The Red Jackie&#8217;s y The Blue Jackie&#8217;s (45 metros cuadrados y 48 metros cuadrados) son dos casas de vacaciones en Roma perfectas para visitar la ciudad [&hellip;]<\/p>\n","protected":false},"author":26,"featured_media":0,"parent":0,"menu_order":40,"comment_status":"closed","ping_status":"closed","template":"template-apartments.php","meta":{"footnotes":""},"class_list":["post-462","page","type-page","status-publish","hentry"],"yoast_head":"<!-- This site is optimized with the Yoast SEO plugin v27.3 - https:\/\/yoast.com\/product\/yoast-seo-wordpress\/ -->\n<title>Jackie\u2019s in Rome Apartments &#183; Hotel Kennedy &#183;<\/title>\n<meta name=\"description\" content=\"El nombre de Jackie&#039;s in Rome naci\u00f3 para celebrar la famosa obra de Andy Warhol dedicada a Jacqueline Kennedy, de la que sacamos inspiraci\u00f3n.  Jackie&#039;s in Rome apartmenes - The Red Jackie&#039;s y The Blue Jackie&#039;s (45 metros cuadrados y 48 metros cuadrados) son dos casas de vacaciones en Roma perfectas para visitar la ciudad libremente, aseguran un alto est\u00e1ndar de calidad en la recepci\u00f3n, muebles y gusto arquitect\u00f3nico y de servicios como si fuera un hotel..\" \/>\n<meta name=\"robots\" content=\"index, follow, max-snippet:-1, max-image-preview:large, max-video-preview:-1\" \/>\n<link rel=\"canonical\" href=\"https:\/\/www.hotelkennedy.net\/es\/jackies-in-rome-apartments\/\" \/>\n<meta property=\"og:locale\" content=\"es_ES\" \/>\n<meta property=\"og:type\" content=\"article\" \/>\n<meta property=\"og:title\" content=\"Jackie\u2019s in Rome Apartments &#183; Hotel Kennedy &#183;\" \/>\n<meta property=\"og:description\" content=\"El nombre de Jackie&#039;s in Rome naci\u00f3 para celebrar la famosa obra de Andy Warhol dedicada a Jacqueline Kennedy, de la que sacamos inspiraci\u00f3n.  Jackie&#039;s in Rome apartmenes - The Red Jackie&#039;s y The Blue Jackie&#039;s (45 metros cuadrados y 48 metros cuadrados) son dos casas de vacaciones en Roma perfectas para visitar la ciudad libremente, aseguran un alto est\u00e1ndar de calidad en la recepci\u00f3n, muebles y gusto arquitect\u00f3nico y de servicios como si fuera un hotel..\" \/>\n<meta property=\"og:url\" content=\"https:\/\/www.hotelkennedy.net\/es\/jackies-in-rome-apartments\/\" \/>\n<meta property=\"og:site_name\" content=\"Hotel Kennedy\" \/>\n<meta property=\"article:modified_time\" content=\"2024-12-31T11:02:20+00:00\" \/>\n<meta name=\"twitter:card\" content=\"summary_large_image\" \/>\n<meta name=\"twitter:label1\" content=\"Tiempo de lectura\" \/>\n\t<meta name=\"twitter:data1\" content=\"1 minuto\" \/>\n<script type=\"application\/ld+json\" class=\"yoast-schema-graph\">{\"@context\":\"https:\\\/\\\/schema.org\",\"@graph\":[{\"@type\":\"WebPage\",\"@id\":\"https:\\\/\\\/www.hotelkennedy.net\\\/es\\\/jackies-in-rome-apartments\\\/\",\"url\":\"https:\\\/\\\/www.hotelkennedy.net\\\/es\\\/jackies-in-rome-apartments\\\/\",\"name\":\"Jackie\u2019s in Rome Apartments &#183; Hotel Kennedy &#183;\",\"isPartOf\":{\"@id\":\"https:\\\/\\\/www.hotelkennedy.net\\\/es\\\/#website\"},\"datePublished\":\"2023-11-27T14:17:16+00:00\",\"dateModified\":\"2024-12-31T11:02:20+00:00\",\"description\":\"El nombre de Jackie's in Rome naci\u00f3 para celebrar la famosa obra de Andy Warhol dedicada a Jacqueline Kennedy, de la que sacamos inspiraci\u00f3n. Jackie's in Rome apartmenes - The Red Jackie's y The Blue Jackie's (45 metros cuadrados y 48 metros cuadrados) son dos casas de vacaciones en Roma perfectas para visitar la ciudad libremente, aseguran un alto est\u00e1ndar de calidad en la recepci\u00f3n, muebles y gusto arquitect\u00f3nico y de servicios como si fuera un hotel..\",\"breadcrumb\":{\"@id\":\"https:\\\/\\\/www.hotelkennedy.net\\\/es\\\/jackies-in-rome-apartments\\\/#breadcrumb\"},\"inLanguage\":\"es\",\"potentialAction\":[{\"@type\":\"ReadAction\",\"target\":[\"https:\\\/\\\/www.hotelkennedy.net\\\/es\\\/jackies-in-rome-apartments\\\/\"]}]},{\"@type\":\"BreadcrumbList\",\"@id\":\"https:\\\/\\\/www.hotelkennedy.net\\\/es\\\/jackies-in-rome-apartments\\\/#breadcrumb\",\"itemListElement\":[{\"@type\":\"ListItem\",\"position\":1,\"name\":\"Home\",\"item\":\"https:\\\/\\\/www.hotelkennedy.net\\\/es\\\/\"},{\"@type\":\"ListItem\",\"position\":2,\"name\":\"Jackie\u2019s in Rome Apartments\"}]},{\"@type\":\"WebSite\",\"@id\":\"https:\\\/\\\/www.hotelkennedy.net\\\/es\\\/#website\",\"url\":\"https:\\\/\\\/www.hotelkennedy.net\\\/es\\\/\",\"name\":\"Hotel Kennedy\",\"description\":\"\",\"potentialAction\":[{\"@type\":\"SearchAction\",\"target\":{\"@type\":\"EntryPoint\",\"urlTemplate\":\"https:\\\/\\\/www.hotelkennedy.net\\\/es\\\/?s={search_term_string}\"},\"query-input\":{\"@type\":\"PropertyValueSpecification\",\"valueRequired\":true,\"valueName\":\"search_term_string\"}}],\"inLanguage\":\"es\"}]}<\/script>\n<!-- \/ Yoast SEO plugin. -->","yoast_head_json":{"title":"Jackie\u2019s in Rome Apartments &#183; Hotel Kennedy &#183;","description":"El nombre de Jackie's in Rome naci\u00f3 para celebrar la famosa obra de Andy Warhol dedicada a Jacqueline Kennedy, de la que sacamos inspiraci\u00f3n.  Jackie's in Rome apartmenes - The Red Jackie's y The Blue Jackie's (45 metros cuadrados y 48 metros cuadrados) son dos casas de vacaciones en Roma perfectas para visitar la ciudad libremente, aseguran un alto est\u00e1ndar de calidad en la recepci\u00f3n, muebles y gusto arquitect\u00f3nico y de servicios como si fuera un hotel..","robots":{"index":"index","follow":"follow","max-snippet":"max-snippet:-1","max-image-preview":"max-image-preview:large","max-video-preview":"max-video-preview:-1"},"canonical":"https:\/\/www.hotelkennedy.net\/es\/jackies-in-rome-apartments\/","og_locale":"es_ES","og_type":"article","og_title":"Jackie\u2019s in Rome Apartments &#183; Hotel Kennedy &#183;","og_description":"El nombre de Jackie's in Rome naci\u00f3 para celebrar la famosa obra de Andy Warhol dedicada a Jacqueline Kennedy, de la que sacamos inspiraci\u00f3n.  Jackie's in Rome apartmenes - The Red Jackie's y The Blue Jackie's (45 metros cuadrados y 48 metros cuadrados) son dos casas de vacaciones en Roma perfectas para visitar la ciudad libremente, aseguran un alto est\u00e1ndar de calidad en la recepci\u00f3n, muebles y gusto arquitect\u00f3nico y de servicios como si fuera un hotel..","og_url":"https:\/\/www.hotelkennedy.net\/es\/jackies-in-rome-apartments\/","og_site_name":"Hotel Kennedy","article_modified_time":"2024-12-31T11:02:20+00:00","twitter_card":"summary_large_image","twitter_misc":{"Tiempo de lectura":"1 minuto"},"schema":{"@context":"https:\/\/schema.org","@graph":[{"@type":"WebPage","@id":"https:\/\/www.hotelkennedy.net\/es\/jackies-in-rome-apartments\/","url":"https:\/\/www.hotelkennedy.net\/es\/jackies-in-rome-apartments\/","name":"Jackie\u2019s in Rome Apartments &#183; Hotel Kennedy &#183;","isPartOf":{"@id":"https:\/\/www.hotelkennedy.net\/es\/#website"},"datePublished":"2023-11-27T14:17:16+00:00","dateModified":"2024-12-31T11:02:20+00:00","description":"El nombre de Jackie's in Rome naci\u00f3 para celebrar la famosa obra de Andy Warhol dedicada a Jacqueline Kennedy, de la que sacamos inspiraci\u00f3n. Jackie's in Rome apartmenes - The Red Jackie's y The Blue Jackie's (45 metros cuadrados y 48 metros cuadrados) son dos casas de vacaciones en Roma perfectas para visitar la ciudad libremente, aseguran un alto est\u00e1ndar de calidad en la recepci\u00f3n, muebles y gusto arquitect\u00f3nico y de servicios como si fuera un hotel..","breadcrumb":{"@id":"https:\/\/www.hotelkennedy.net\/es\/jackies-in-rome-apartments\/#breadcrumb"},"inLanguage":"es","potentialAction":[{"@type":"ReadAction","target":["https:\/\/www.hotelkennedy.net\/es\/jackies-in-rome-apartments\/"]}]},{"@type":"BreadcrumbList","@id":"https:\/\/www.hotelkennedy.net\/es\/jackies-in-rome-apartments\/#breadcrumb","itemListElement":[{"@type":"ListItem","position":1,"name":"Home","item":"https:\/\/www.hotelkennedy.net\/es\/"},{"@type":"ListItem","position":2,"name":"Jackie\u2019s in Rome Apartments"}]},{"@type":"WebSite","@id":"https:\/\/www.hotelkennedy.net\/es\/#website","url":"https:\/\/www.hotelkennedy.net\/es\/","name":"Hotel Kennedy","description":"","potentialAction":[{"@type":"SearchAction","target":{"@type":"EntryPoint","urlTemplate":"https:\/\/www.hotelkennedy.net\/es\/?s={search_term_string}"},"query-input":{"@type":"PropertyValueSpecification","valueRequired":true,"valueName":"search_term_string"}}],"inLanguage":"es"}]}},"acf":[],"_links":{"self":[{"href":"https:\/\/www.hotelkennedy.net\/es\/wp-json\/wp\/v2\/pages\/462","targetHints":{"allow":["GET"]}}],"collection":[{"href":"https:\/\/www.hotelkennedy.net\/es\/wp-json\/wp\/v2\/pages"}],"about":[{"href":"https:\/\/www.hotelkennedy.net\/es\/wp-json\/wp\/v2\/types\/page"}],"author":[{"embeddable":true,"href":"https:\/\/www.hotelkennedy.net\/es\/wp-json\/wp\/v2\/users\/26"}],"replies":[{"embeddable":true,"href":"https:\/\/www.hotelkennedy.net\/es\/wp-json\/wp\/v2\/comments?post=462"}],"version-history":[{"count":0,"href":"https:\/\/www.hotelkennedy.net\/es\/wp-json\/wp\/v2\/pages\/462\/revisions"}],"wp:attachment":[{"href":"https:\/\/www.hotelkennedy.net\/es\/wp-json\/wp\/v2\/media?parent=462"}],"curies":[{"name":"wp","href":"https:\/\/api.w.org\/{rel}","templated":true}]}}