{"id":302,"date":"2023-11-21T17:47:37","date_gmt":"2023-11-21T16:47:37","guid":{"rendered":"https:\/\/hotelkennedy.ms2.decms.eu\/?page_id=302"},"modified":"2024-02-08T10:05:50","modified_gmt":"2024-02-08T09:05:50","slug":"hotel","status":"publish","type":"page","link":"https:\/\/www.hotelkennedy.net\/fr\/hotel\/","title":{"rendered":"H\u00f4tel"},"content":{"rendered":"<p>Si vous cherchez un endroit o\u00f9 <strong>loger \u00e0 Rome<\/strong>, l&rsquo;H\u00f4tel Kennedy est le meilleur choix pour vous.<\/p>\n<p>Nous disposons de <strong>51 chambres<\/strong> et de <strong>2 suites junior<\/strong>, dont certaines offrent une vue panoramique sur l\u2019<strong>Acquarium Romain<\/strong>, d\u2019autres donnent sur la rue <strong>Via Filippo Turati<\/strong>, ou sur la cour int\u00e9rieure de l\u2019immeuble.<\/p>\n<p>Les chambres sont insonoris\u00e9es afin de permettre \u00e0 nos clients de dormir en toute tranquillit\u00e9.<\/p>\n","protected":false},"excerpt":{"rendered":"<p>Si vous cherchez un endroit o\u00f9 loger \u00e0 Rome, l&rsquo;H\u00f4tel Kennedy est le meilleur choix pour vous. Nous disposons de 51 chambres et de 2 suites junior, dont certaines offrent une vue panoramique sur l\u2019Acquarium Romain, d\u2019autres donnent sur la rue Via Filippo Turati, ou sur la cour int\u00e9rieure de l\u2019immeuble. Les chambres sont insonoris\u00e9es [&hellip;]<\/p>\n","protected":false},"author":26,"featured_media":0,"parent":0,"menu_order":20,"comment_status":"closed","ping_status":"closed","template":"template-rooms.php","meta":{"footnotes":""},"yoast_head":"<!-- This site is optimized with the Yoast SEO plugin v22.3 - https:\/\/yoast.com\/wordpress\/plugins\/seo\/ -->\n<title>H\u00f4tel &#183; Hotel Kennedy &#183;<\/title>\n<meta name=\"description\" content=\"Si vous cherchez un endroit o\u00f9 loger \u00e0 Rome, l&#039;H\u00f4tel Kennedy est le meilleur choix pour vous.  Nous disposons de 51 chambres et de 2 suites junior, dont certaines offrent une vue panoramique sur l\u2019Acquarium Romain, d\u2019autres donnent sur la rue Via Filippo Turati, ou sur la cour int\u00e9rieure de l\u2019immeuble.  Les chambres sont insonoris\u00e9es afin de permettre \u00e0 nos clients de dormir en toute tranquillit\u00e9..\" \/>\n<meta name=\"robots\" content=\"index, follow, max-snippet:-1, max-image-preview:large, max-video-preview:-1\" \/>\n<link rel=\"canonical\" href=\"https:\/\/www.hotelkennedy.net\/fr\/hotel\/\" \/>\n<meta property=\"og:locale\" content=\"fr_FR\" \/>\n<meta property=\"og:type\" content=\"article\" \/>\n<meta property=\"og:title\" content=\"H\u00f4tel &#183; Hotel Kennedy &#183;\" \/>\n<meta property=\"og:description\" content=\"Si vous cherchez un endroit o\u00f9 loger \u00e0 Rome, l&#039;H\u00f4tel Kennedy est le meilleur choix pour vous.  Nous disposons de 51 chambres et de 2 suites junior, dont certaines offrent une vue panoramique sur l\u2019Acquarium Romain, d\u2019autres donnent sur la rue Via Filippo Turati, ou sur la cour int\u00e9rieure de l\u2019immeuble.  Les chambres sont insonoris\u00e9es afin de permettre \u00e0 nos clients de dormir en toute tranquillit\u00e9..\" \/>\n<meta property=\"og:url\" content=\"https:\/\/www.hotelkennedy.net\/fr\/hotel\/\" \/>\n<meta property=\"og:site_name\" content=\"Hotel Kennedy\" \/>\n<meta property=\"article:modified_time\" content=\"2024-02-08T09:05:50+00:00\" \/>\n<meta name=\"twitter:card\" content=\"summary_large_image\" \/>\n<script type=\"application\/ld+json\" class=\"yoast-schema-graph\">{\"@context\":\"https:\/\/schema.org\",\"@graph\":[{\"@type\":\"WebPage\",\"@id\":\"https:\/\/www.hotelkennedy.net\/fr\/hotel\/\",\"url\":\"https:\/\/www.hotelkennedy.net\/fr\/hotel\/\",\"name\":\"H\u00f4tel &#183; Hotel Kennedy &#183;\",\"isPartOf\":{\"@id\":\"https:\/\/www.hotelkennedy.net\/fr\/#website\"},\"datePublished\":\"2023-11-21T16:47:37+00:00\",\"dateModified\":\"2024-02-08T09:05:50+00:00\",\"description\":\"Si vous cherchez un endroit o\u00f9 loger \u00e0 Rome, l'H\u00f4tel Kennedy est le meilleur choix pour vous. Nous disposons de 51 chambres et de 2 suites junior, dont certaines offrent une vue panoramique sur l\u2019Acquarium Romain, d\u2019autres donnent sur la rue Via Filippo Turati, ou sur la cour int\u00e9rieure de l\u2019immeuble. Les chambres sont insonoris\u00e9es afin de permettre \u00e0 nos clients de dormir en toute tranquillit\u00e9..\",\"breadcrumb\":{\"@id\":\"https:\/\/www.hotelkennedy.net\/fr\/hotel\/#breadcrumb\"},\"inLanguage\":\"fr-FR\",\"potentialAction\":[{\"@type\":\"ReadAction\",\"target\":[\"https:\/\/www.hotelkennedy.net\/fr\/hotel\/\"]}]},{\"@type\":\"BreadcrumbList\",\"@id\":\"https:\/\/www.hotelkennedy.net\/fr\/hotel\/#breadcrumb\",\"itemListElement\":[{\"@type\":\"ListItem\",\"position\":1,\"name\":\"Home\",\"item\":\"https:\/\/www.hotelkennedy.net\/fr\/\"},{\"@type\":\"ListItem\",\"position\":2,\"name\":\"H\u00f4tel\"}]},{\"@type\":\"WebSite\",\"@id\":\"https:\/\/www.hotelkennedy.net\/fr\/#website\",\"url\":\"https:\/\/www.hotelkennedy.net\/fr\/\",\"name\":\"Hotel Kennedy\",\"description\":\"\",\"potentialAction\":[{\"@type\":\"SearchAction\",\"target\":{\"@type\":\"EntryPoint\",\"urlTemplate\":\"https:\/\/www.hotelkennedy.net\/fr\/?s={search_term_string}\"},\"query-input\":\"required name=search_term_string\"}],\"inLanguage\":\"fr-FR\"}]}<\/script>\n<!-- \/ Yoast SEO plugin. -->","yoast_head_json":{"title":"H\u00f4tel &#183; Hotel Kennedy &#183;","description":"Si vous cherchez un endroit o\u00f9 loger \u00e0 Rome, l'H\u00f4tel Kennedy est le meilleur choix pour vous.  Nous disposons de 51 chambres et de 2 suites junior, dont certaines offrent une vue panoramique sur l\u2019Acquarium Romain, d\u2019autres donnent sur la rue Via Filippo Turati, ou sur la cour int\u00e9rieure de l\u2019immeuble.  Les chambres sont insonoris\u00e9es afin de permettre \u00e0 nos clients de dormir en toute tranquillit\u00e9..","robots":{"index":"index","follow":"follow","max-snippet":"max-snippet:-1","max-image-preview":"max-image-preview:large","max-video-preview":"max-video-preview:-1"},"canonical":"https:\/\/www.hotelkennedy.net\/fr\/hotel\/","og_locale":"fr_FR","og_type":"article","og_title":"H\u00f4tel &#183; Hotel Kennedy &#183;","og_description":"Si vous cherchez un endroit o\u00f9 loger \u00e0 Rome, l'H\u00f4tel Kennedy est le meilleur choix pour vous.  Nous disposons de 51 chambres et de 2 suites junior, dont certaines offrent une vue panoramique sur l\u2019Acquarium Romain, d\u2019autres donnent sur la rue Via Filippo Turati, ou sur la cour int\u00e9rieure de l\u2019immeuble.  Les chambres sont insonoris\u00e9es afin de permettre \u00e0 nos clients de dormir en toute tranquillit\u00e9..","og_url":"https:\/\/www.hotelkennedy.net\/fr\/hotel\/","og_site_name":"Hotel Kennedy","article_modified_time":"2024-02-08T09:05:50+00:00","twitter_card":"summary_large_image","schema":{"@context":"https:\/\/schema.org","@graph":[{"@type":"WebPage","@id":"https:\/\/www.hotelkennedy.net\/fr\/hotel\/","url":"https:\/\/www.hotelkennedy.net\/fr\/hotel\/","name":"H\u00f4tel &#183; Hotel Kennedy &#183;","isPartOf":{"@id":"https:\/\/www.hotelkennedy.net\/fr\/#website"},"datePublished":"2023-11-21T16:47:37+00:00","dateModified":"2024-02-08T09:05:50+00:00","description":"Si vous cherchez un endroit o\u00f9 loger \u00e0 Rome, l'H\u00f4tel Kennedy est le meilleur choix pour vous. Nous disposons de 51 chambres et de 2 suites junior, dont certaines offrent une vue panoramique sur l\u2019Acquarium Romain, d\u2019autres donnent sur la rue Via Filippo Turati, ou sur la cour int\u00e9rieure de l\u2019immeuble. Les chambres sont insonoris\u00e9es afin de permettre \u00e0 nos clients de dormir en toute tranquillit\u00e9..","breadcrumb":{"@id":"https:\/\/www.hotelkennedy.net\/fr\/hotel\/#breadcrumb"},"inLanguage":"fr-FR","potentialAction":[{"@type":"ReadAction","target":["https:\/\/www.hotelkennedy.net\/fr\/hotel\/"]}]},{"@type":"BreadcrumbList","@id":"https:\/\/www.hotelkennedy.net\/fr\/hotel\/#breadcrumb","itemListElement":[{"@type":"ListItem","position":1,"name":"Home","item":"https:\/\/www.hotelkennedy.net\/fr\/"},{"@type":"ListItem","position":2,"name":"H\u00f4tel"}]},{"@type":"WebSite","@id":"https:\/\/www.hotelkennedy.net\/fr\/#website","url":"https:\/\/www.hotelkennedy.net\/fr\/","name":"Hotel Kennedy","description":"","potentialAction":[{"@type":"SearchAction","target":{"@type":"EntryPoint","urlTemplate":"https:\/\/www.hotelkennedy.net\/fr\/?s={search_term_string}"},"query-input":"required name=search_term_string"}],"inLanguage":"fr-FR"}]}},"acf":[],"_links":{"self":[{"href":"https:\/\/www.hotelkennedy.net\/fr\/wp-json\/wp\/v2\/pages\/302"}],"collection":[{"href":"https:\/\/www.hotelkennedy.net\/fr\/wp-json\/wp\/v2\/pages"}],"about":[{"href":"https:\/\/www.hotelkennedy.net\/fr\/wp-json\/wp\/v2\/types\/page"}],"author":[{"embeddable":true,"href":"https:\/\/www.hotelkennedy.net\/fr\/wp-json\/wp\/v2\/users\/26"}],"replies":[{"embeddable":true,"href":"https:\/\/www.hotelkennedy.net\/fr\/wp-json\/wp\/v2\/comments?post=302"}],"version-history":[{"count":0,"href":"https:\/\/www.hotelkennedy.net\/fr\/wp-json\/wp\/v2\/pages\/302\/revisions"}],"wp:attachment":[{"href":"https:\/\/www.hotelkennedy.net\/fr\/wp-json\/wp\/v2\/media?parent=302"}],"curies":[{"name":"wp","href":"https:\/\/api.w.org\/{rel}","templated":true}]}}