{"id":320,"date":"2023-11-21T17:52:20","date_gmt":"2023-11-21T16:52:20","guid":{"rendered":"https:\/\/hotelkennedy.ms2.decms.eu\/?page_id=320"},"modified":"2024-02-08T12:44:40","modified_gmt":"2024-02-08T11:44:40","slug":"chambres-superieures","status":"publish","type":"page","link":"https:\/\/www.hotelkennedy.net\/fr\/hotel\/chambres-superieures\/","title":{"rendered":"Chambres sup\u00e9rieures"},"content":{"rendered":"<p>Certaines chambres sup\u00e9rieures sont decor\u00e9es dans le m\u00eame style ainsi que dans la m\u00eame harmonie de couleur que les chambres standard mais cette fois on peut y admirer le soin tout particulier accord\u00e9 aux <strong>d\u00e9tails des sols en marbre.<\/strong><\/p>\n","protected":false},"excerpt":{"rendered":"<p>Certaines chambres sup\u00e9rieures sont decor\u00e9es dans le m\u00eame style ainsi que dans la m\u00eame harmonie de couleur que les chambres standard mais cette fois on peut y admirer le soin tout particulier accord\u00e9 aux d\u00e9tails des sols en marbre.<\/p>\n","protected":false},"author":26,"featured_media":0,"parent":302,"menu_order":20,"comment_status":"closed","ping_status":"closed","template":"template-single-room.php","meta":{"footnotes":""},"yoast_head":"<!-- This site is optimized with the Yoast SEO plugin v22.3 - https:\/\/yoast.com\/wordpress\/plugins\/seo\/ -->\n<title>Chambres sup\u00e9rieures &#183; Hotel Kennedy &#183;<\/title>\n<meta name=\"description\" content=\"Certaines chambres sup\u00e9rieures sont decor\u00e9es dans le m\u00eame style ainsi que dans la m\u00eame harmonie de couleur que les chambres standard mais cette fois on peut y admirer le soin tout particulier accord\u00e9 aux d\u00e9tails des sols en marbre..\" \/>\n<meta name=\"robots\" content=\"index, follow, max-snippet:-1, max-image-preview:large, max-video-preview:-1\" \/>\n<link rel=\"canonical\" href=\"https:\/\/www.hotelkennedy.net\/fr\/hotel\/chambres-superieures\/\" \/>\n<meta property=\"og:locale\" content=\"fr_FR\" \/>\n<meta property=\"og:type\" content=\"article\" \/>\n<meta property=\"og:title\" content=\"Chambres sup\u00e9rieures &#183; Hotel Kennedy &#183;\" \/>\n<meta property=\"og:description\" content=\"Certaines chambres sup\u00e9rieures sont decor\u00e9es dans le m\u00eame style ainsi que dans la m\u00eame harmonie de couleur que les chambres standard mais cette fois on peut y admirer le soin tout particulier accord\u00e9 aux d\u00e9tails des sols en marbre..\" \/>\n<meta property=\"og:url\" content=\"https:\/\/www.hotelkennedy.net\/fr\/hotel\/chambres-superieures\/\" \/>\n<meta property=\"og:site_name\" content=\"Hotel Kennedy\" \/>\n<meta property=\"article:modified_time\" content=\"2024-02-08T11:44:40+00:00\" \/>\n<meta name=\"twitter:card\" content=\"summary_large_image\" \/>\n<script type=\"application\/ld+json\" class=\"yoast-schema-graph\">{\"@context\":\"https:\/\/schema.org\",\"@graph\":[{\"@type\":\"WebPage\",\"@id\":\"https:\/\/www.hotelkennedy.net\/fr\/hotel\/chambres-superieures\/\",\"url\":\"https:\/\/www.hotelkennedy.net\/fr\/hotel\/chambres-superieures\/\",\"name\":\"Chambres sup\u00e9rieures &#183; Hotel Kennedy &#183;\",\"isPartOf\":{\"@id\":\"https:\/\/www.hotelkennedy.net\/fr\/#website\"},\"datePublished\":\"2023-11-21T16:52:20+00:00\",\"dateModified\":\"2024-02-08T11:44:40+00:00\",\"description\":\"Certaines chambres sup\u00e9rieures sont decor\u00e9es dans le m\u00eame style ainsi que dans la m\u00eame harmonie de couleur que les chambres standard mais cette fois on peut y admirer le soin tout particulier accord\u00e9 aux d\u00e9tails des sols en marbre..\",\"breadcrumb\":{\"@id\":\"https:\/\/www.hotelkennedy.net\/fr\/hotel\/chambres-superieures\/#breadcrumb\"},\"inLanguage\":\"fr-FR\",\"potentialAction\":[{\"@type\":\"ReadAction\",\"target\":[\"https:\/\/www.hotelkennedy.net\/fr\/hotel\/chambres-superieures\/\"]}]},{\"@type\":\"BreadcrumbList\",\"@id\":\"https:\/\/www.hotelkennedy.net\/fr\/hotel\/chambres-superieures\/#breadcrumb\",\"itemListElement\":[{\"@type\":\"ListItem\",\"position\":1,\"name\":\"Home\",\"item\":\"https:\/\/www.hotelkennedy.net\/fr\/\"},{\"@type\":\"ListItem\",\"position\":2,\"name\":\"H\u00f4tel\",\"item\":\"https:\/\/www.hotelkennedy.net\/fr\/hotel\/\"},{\"@type\":\"ListItem\",\"position\":3,\"name\":\"Chambres sup\u00e9rieures\"}]},{\"@type\":\"WebSite\",\"@id\":\"https:\/\/www.hotelkennedy.net\/fr\/#website\",\"url\":\"https:\/\/www.hotelkennedy.net\/fr\/\",\"name\":\"Hotel Kennedy\",\"description\":\"\",\"potentialAction\":[{\"@type\":\"SearchAction\",\"target\":{\"@type\":\"EntryPoint\",\"urlTemplate\":\"https:\/\/www.hotelkennedy.net\/fr\/?s={search_term_string}\"},\"query-input\":\"required name=search_term_string\"}],\"inLanguage\":\"fr-FR\"}]}<\/script>\n<!-- \/ Yoast SEO plugin. -->","yoast_head_json":{"title":"Chambres sup\u00e9rieures &#183; Hotel Kennedy &#183;","description":"Certaines chambres sup\u00e9rieures sont decor\u00e9es dans le m\u00eame style ainsi que dans la m\u00eame harmonie de couleur que les chambres standard mais cette fois on peut y admirer le soin tout particulier accord\u00e9 aux d\u00e9tails des sols en marbre..","robots":{"index":"index","follow":"follow","max-snippet":"max-snippet:-1","max-image-preview":"max-image-preview:large","max-video-preview":"max-video-preview:-1"},"canonical":"https:\/\/www.hotelkennedy.net\/fr\/hotel\/chambres-superieures\/","og_locale":"fr_FR","og_type":"article","og_title":"Chambres sup\u00e9rieures &#183; Hotel Kennedy &#183;","og_description":"Certaines chambres sup\u00e9rieures sont decor\u00e9es dans le m\u00eame style ainsi que dans la m\u00eame harmonie de couleur que les chambres standard mais cette fois on peut y admirer le soin tout particulier accord\u00e9 aux d\u00e9tails des sols en marbre..","og_url":"https:\/\/www.hotelkennedy.net\/fr\/hotel\/chambres-superieures\/","og_site_name":"Hotel Kennedy","article_modified_time":"2024-02-08T11:44:40+00:00","twitter_card":"summary_large_image","schema":{"@context":"https:\/\/schema.org","@graph":[{"@type":"WebPage","@id":"https:\/\/www.hotelkennedy.net\/fr\/hotel\/chambres-superieures\/","url":"https:\/\/www.hotelkennedy.net\/fr\/hotel\/chambres-superieures\/","name":"Chambres sup\u00e9rieures &#183; Hotel Kennedy &#183;","isPartOf":{"@id":"https:\/\/www.hotelkennedy.net\/fr\/#website"},"datePublished":"2023-11-21T16:52:20+00:00","dateModified":"2024-02-08T11:44:40+00:00","description":"Certaines chambres sup\u00e9rieures sont decor\u00e9es dans le m\u00eame style ainsi que dans la m\u00eame harmonie de couleur que les chambres standard mais cette fois on peut y admirer le soin tout particulier accord\u00e9 aux d\u00e9tails des sols en marbre..","breadcrumb":{"@id":"https:\/\/www.hotelkennedy.net\/fr\/hotel\/chambres-superieures\/#breadcrumb"},"inLanguage":"fr-FR","potentialAction":[{"@type":"ReadAction","target":["https:\/\/www.hotelkennedy.net\/fr\/hotel\/chambres-superieures\/"]}]},{"@type":"BreadcrumbList","@id":"https:\/\/www.hotelkennedy.net\/fr\/hotel\/chambres-superieures\/#breadcrumb","itemListElement":[{"@type":"ListItem","position":1,"name":"Home","item":"https:\/\/www.hotelkennedy.net\/fr\/"},{"@type":"ListItem","position":2,"name":"H\u00f4tel","item":"https:\/\/www.hotelkennedy.net\/fr\/hotel\/"},{"@type":"ListItem","position":3,"name":"Chambres sup\u00e9rieures"}]},{"@type":"WebSite","@id":"https:\/\/www.hotelkennedy.net\/fr\/#website","url":"https:\/\/www.hotelkennedy.net\/fr\/","name":"Hotel Kennedy","description":"","potentialAction":[{"@type":"SearchAction","target":{"@type":"EntryPoint","urlTemplate":"https:\/\/www.hotelkennedy.net\/fr\/?s={search_term_string}"},"query-input":"required name=search_term_string"}],"inLanguage":"fr-FR"}]}},"acf":[],"_links":{"self":[{"href":"https:\/\/www.hotelkennedy.net\/fr\/wp-json\/wp\/v2\/pages\/320"}],"collection":[{"href":"https:\/\/www.hotelkennedy.net\/fr\/wp-json\/wp\/v2\/pages"}],"about":[{"href":"https:\/\/www.hotelkennedy.net\/fr\/wp-json\/wp\/v2\/types\/page"}],"author":[{"embeddable":true,"href":"https:\/\/www.hotelkennedy.net\/fr\/wp-json\/wp\/v2\/users\/26"}],"replies":[{"embeddable":true,"href":"https:\/\/www.hotelkennedy.net\/fr\/wp-json\/wp\/v2\/comments?post=320"}],"version-history":[{"count":0,"href":"https:\/\/www.hotelkennedy.net\/fr\/wp-json\/wp\/v2\/pages\/320\/revisions"}],"up":[{"embeddable":true,"href":"https:\/\/www.hotelkennedy.net\/fr\/wp-json\/wp\/v2\/pages\/302"}],"wp:attachment":[{"href":"https:\/\/www.hotelkennedy.net\/fr\/wp-json\/wp\/v2\/media?parent=320"}],"curies":[{"name":"wp","href":"https:\/\/api.w.org\/{rel}","templated":true}]}}