{"id":432,"date":"2023-11-27T14:46:15","date_gmt":"2023-11-27T13:46:15","guid":{"rendered":"https:\/\/hotelkennedy.ms2.decms.eu\/?page_id=432"},"modified":"2024-02-08T16:51:35","modified_gmt":"2024-02-08T15:51:35","slug":"ou-nous-sommes","status":"publish","type":"page","link":"https:\/\/www.hotelkennedy.net\/fr\/ou-nous-sommes\/","title":{"rendered":"O\u00f9 nous sommes"},"content":{"rendered":"<p>La localisation de l\u2019H\u00f4tel Kennedy est strat\u00e9gique: l\u2019H\u00f4tel est \u00e0 <strong>Rome Termini<\/strong>, \u00e0 seulement 5 minutes \u00e0 pieds de la <strong>gare principale de Rome<\/strong>.<\/p>\n<p>De l\u00e0, vous avez acc\u00e8s aux principales lignes de bus et de m\u00e9tro.<\/p>\n<p>Aux environs de notre <strong>h\u00f4tel proche de la gare Rome Termini<\/strong>, vous trouverez de <strong>nombreux monuments int\u00e9ressants \u00e0 visiter<\/strong>: les Thermes de Diocl\u00e9tien, le Mus\u00e9e National Romain, l&rsquo;Op\u00e9ra, la Via Nazionale, l&rsquo;Eglise de San Pietro in Vincoli,l\u2019Arc romain de Gallien et l&rsquo;Eglise de San Vito, la Basilique Santa Maria Maggiore, l&rsquo;Aquarium romain (la maison de l\u2019Architecture) et Le quartier de Monti (il Rione Monti).<\/p>\n<p>Le Colis\u00e9e, le Forum Romain, la Domus Aurea et le parc de Trajan sont \u00e0 seulement 1 km de notre <strong>h\u00f4tel \u00e0 Rome Termini<\/strong>. Le Quirinale, la fontaine de Trevi, la Place d&rsquo;Espagne se trouvent \u00e0 moins de 15 minutes \u00e0 pieds.<\/p>\n","protected":false},"excerpt":{"rendered":"<p>La localisation de l\u2019H\u00f4tel Kennedy est strat\u00e9gique: l\u2019H\u00f4tel est \u00e0 Rome Termini, \u00e0 seulement 5 minutes \u00e0 pieds de la gare principale de Rome. De l\u00e0, vous avez acc\u00e8s aux principales lignes de bus et de m\u00e9tro. Aux environs de notre h\u00f4tel proche de la gare Rome Termini, vous trouverez de nombreux monuments int\u00e9ressants \u00e0 [&hellip;]<\/p>\n","protected":false},"author":26,"featured_media":0,"parent":0,"menu_order":100,"comment_status":"closed","ping_status":"closed","template":"template-location.php","meta":{"footnotes":""},"yoast_head":"<!-- This site is optimized with the Yoast SEO plugin v22.3 - https:\/\/yoast.com\/wordpress\/plugins\/seo\/ -->\n<title>O\u00f9 nous sommes &#183; Hotel Kennedy &#183;<\/title>\n<meta name=\"description\" content=\"La localisation de l\u2019H\u00f4tel Kennedy est strat\u00e9gique: l\u2019H\u00f4tel est \u00e0 Rome Termini, \u00e0 seulement 5 minutes \u00e0 pieds de la gare principale de Rome.  De l\u00e0, vous avez acc\u00e8s aux principales lignes de bus et de m\u00e9tro.  Aux environs de notre h\u00f4tel proche de la gare Rome Termini, vous trouverez de nombreux monuments int\u00e9ressants \u00e0 visiter: les Thermes de Diocl\u00e9tien, le Mus\u00e9e National Romain, l&#039;Op\u00e9ra, la Via Nazionale, l&#039;Eglise de San Pietro in Vincoli,l\u2019Arc romain de Gallien et l&#039;Eglise de San Vito, la Basilique Santa Maria Maggiore, l&#039;Aquarium romain (la maison de l\u2019Architecture) et Le quartier de Monti (il Rione Monti).  Le Colis\u00e9e, le Forum Romain, la Domus Aurea et le parc de Trajan sont \u00e0 seulement 1 km de notre h\u00f4tel \u00e0 Rome Termini. Le Quirinale, la fontaine de Trevi, la Place d&#039;Espagne se trouvent \u00e0 moins de 15 minutes \u00e0 pieds.\" \/>\n<meta name=\"robots\" content=\"index, follow, max-snippet:-1, max-image-preview:large, max-video-preview:-1\" \/>\n<link rel=\"canonical\" href=\"https:\/\/www.hotelkennedy.net\/fr\/ou-nous-sommes\/\" \/>\n<meta property=\"og:locale\" content=\"fr_FR\" \/>\n<meta property=\"og:type\" content=\"article\" \/>\n<meta property=\"og:title\" content=\"O\u00f9 nous sommes &#183; Hotel Kennedy &#183;\" \/>\n<meta property=\"og:description\" content=\"La localisation de l\u2019H\u00f4tel Kennedy est strat\u00e9gique: l\u2019H\u00f4tel est \u00e0 Rome Termini, \u00e0 seulement 5 minutes \u00e0 pieds de la gare principale de Rome.  De l\u00e0, vous avez acc\u00e8s aux principales lignes de bus et de m\u00e9tro.  Aux environs de notre h\u00f4tel proche de la gare Rome Termini, vous trouverez de nombreux monuments int\u00e9ressants \u00e0 visiter: les Thermes de Diocl\u00e9tien, le Mus\u00e9e National Romain, l&#039;Op\u00e9ra, la Via Nazionale, l&#039;Eglise de San Pietro in Vincoli,l\u2019Arc romain de Gallien et l&#039;Eglise de San Vito, la Basilique Santa Maria Maggiore, l&#039;Aquarium romain (la maison de l\u2019Architecture) et Le quartier de Monti (il Rione Monti).  Le Colis\u00e9e, le Forum Romain, la Domus Aurea et le parc de Trajan sont \u00e0 seulement 1 km de notre h\u00f4tel \u00e0 Rome Termini. Le Quirinale, la fontaine de Trevi, la Place d&#039;Espagne se trouvent \u00e0 moins de 15 minutes \u00e0 pieds.\" \/>\n<meta property=\"og:url\" content=\"https:\/\/www.hotelkennedy.net\/fr\/ou-nous-sommes\/\" \/>\n<meta property=\"og:site_name\" content=\"Hotel Kennedy\" \/>\n<meta property=\"article:modified_time\" content=\"2024-02-08T15:51:35+00:00\" \/>\n<meta name=\"twitter:card\" content=\"summary_large_image\" \/>\n<meta name=\"twitter:label1\" content=\"Dur\u00e9e de lecture estim\u00e9e\" \/>\n\t<meta name=\"twitter:data1\" content=\"1 minute\" \/>\n<script type=\"application\/ld+json\" class=\"yoast-schema-graph\">{\"@context\":\"https:\/\/schema.org\",\"@graph\":[{\"@type\":\"WebPage\",\"@id\":\"https:\/\/www.hotelkennedy.net\/fr\/ou-nous-sommes\/\",\"url\":\"https:\/\/www.hotelkennedy.net\/fr\/ou-nous-sommes\/\",\"name\":\"O\u00f9 nous sommes &#183; Hotel Kennedy &#183;\",\"isPartOf\":{\"@id\":\"https:\/\/www.hotelkennedy.net\/fr\/#website\"},\"datePublished\":\"2023-11-27T13:46:15+00:00\",\"dateModified\":\"2024-02-08T15:51:35+00:00\",\"description\":\"La localisation de l\u2019H\u00f4tel Kennedy est strat\u00e9gique: l\u2019H\u00f4tel est \u00e0 Rome Termini, \u00e0 seulement 5 minutes \u00e0 pieds de la gare principale de Rome. De l\u00e0, vous avez acc\u00e8s aux principales lignes de bus et de m\u00e9tro. Aux environs de notre h\u00f4tel proche de la gare Rome Termini, vous trouverez de nombreux monuments int\u00e9ressants \u00e0 visiter: les Thermes de Diocl\u00e9tien, le Mus\u00e9e National Romain, l'Op\u00e9ra, la Via Nazionale, l'Eglise de San Pietro in Vincoli,l\u2019Arc romain de Gallien et l'Eglise de San Vito, la Basilique Santa Maria Maggiore, l'Aquarium romain (la maison de l\u2019Architecture) et Le quartier de Monti (il Rione Monti). Le Colis\u00e9e, le Forum Romain, la Domus Aurea et le parc de Trajan sont \u00e0 seulement 1 km de notre h\u00f4tel \u00e0 Rome Termini. Le Quirinale, la fontaine de Trevi, la Place d'Espagne se trouvent \u00e0 moins de 15 minutes \u00e0 pieds.\",\"breadcrumb\":{\"@id\":\"https:\/\/www.hotelkennedy.net\/fr\/ou-nous-sommes\/#breadcrumb\"},\"inLanguage\":\"fr-FR\",\"potentialAction\":[{\"@type\":\"ReadAction\",\"target\":[\"https:\/\/www.hotelkennedy.net\/fr\/ou-nous-sommes\/\"]}]},{\"@type\":\"BreadcrumbList\",\"@id\":\"https:\/\/www.hotelkennedy.net\/fr\/ou-nous-sommes\/#breadcrumb\",\"itemListElement\":[{\"@type\":\"ListItem\",\"position\":1,\"name\":\"Home\",\"item\":\"https:\/\/www.hotelkennedy.net\/fr\/\"},{\"@type\":\"ListItem\",\"position\":2,\"name\":\"O\u00f9 nous sommes\"}]},{\"@type\":\"WebSite\",\"@id\":\"https:\/\/www.hotelkennedy.net\/fr\/#website\",\"url\":\"https:\/\/www.hotelkennedy.net\/fr\/\",\"name\":\"Hotel Kennedy\",\"description\":\"\",\"potentialAction\":[{\"@type\":\"SearchAction\",\"target\":{\"@type\":\"EntryPoint\",\"urlTemplate\":\"https:\/\/www.hotelkennedy.net\/fr\/?s={search_term_string}\"},\"query-input\":\"required name=search_term_string\"}],\"inLanguage\":\"fr-FR\"}]}<\/script>\n<!-- \/ Yoast SEO plugin. -->","yoast_head_json":{"title":"O\u00f9 nous sommes &#183; Hotel Kennedy &#183;","description":"La localisation de l\u2019H\u00f4tel Kennedy est strat\u00e9gique: l\u2019H\u00f4tel est \u00e0 Rome Termini, \u00e0 seulement 5 minutes \u00e0 pieds de la gare principale de Rome.  De l\u00e0, vous avez acc\u00e8s aux principales lignes de bus et de m\u00e9tro.  Aux environs de notre h\u00f4tel proche de la gare Rome Termini, vous trouverez de nombreux monuments int\u00e9ressants \u00e0 visiter: les Thermes de Diocl\u00e9tien, le Mus\u00e9e National Romain, l'Op\u00e9ra, la Via Nazionale, l'Eglise de San Pietro in Vincoli,l\u2019Arc romain de Gallien et l'Eglise de San Vito, la Basilique Santa Maria Maggiore, l'Aquarium romain (la maison de l\u2019Architecture) et Le quartier de Monti (il Rione Monti).  Le Colis\u00e9e, le Forum Romain, la Domus Aurea et le parc de Trajan sont \u00e0 seulement 1 km de notre h\u00f4tel \u00e0 Rome Termini. Le Quirinale, la fontaine de Trevi, la Place d'Espagne se trouvent \u00e0 moins de 15 minutes \u00e0 pieds.","robots":{"index":"index","follow":"follow","max-snippet":"max-snippet:-1","max-image-preview":"max-image-preview:large","max-video-preview":"max-video-preview:-1"},"canonical":"https:\/\/www.hotelkennedy.net\/fr\/ou-nous-sommes\/","og_locale":"fr_FR","og_type":"article","og_title":"O\u00f9 nous sommes &#183; Hotel Kennedy &#183;","og_description":"La localisation de l\u2019H\u00f4tel Kennedy est strat\u00e9gique: l\u2019H\u00f4tel est \u00e0 Rome Termini, \u00e0 seulement 5 minutes \u00e0 pieds de la gare principale de Rome.  De l\u00e0, vous avez acc\u00e8s aux principales lignes de bus et de m\u00e9tro.  Aux environs de notre h\u00f4tel proche de la gare Rome Termini, vous trouverez de nombreux monuments int\u00e9ressants \u00e0 visiter: les Thermes de Diocl\u00e9tien, le Mus\u00e9e National Romain, l'Op\u00e9ra, la Via Nazionale, l'Eglise de San Pietro in Vincoli,l\u2019Arc romain de Gallien et l'Eglise de San Vito, la Basilique Santa Maria Maggiore, l'Aquarium romain (la maison de l\u2019Architecture) et Le quartier de Monti (il Rione Monti).  Le Colis\u00e9e, le Forum Romain, la Domus Aurea et le parc de Trajan sont \u00e0 seulement 1 km de notre h\u00f4tel \u00e0 Rome Termini. Le Quirinale, la fontaine de Trevi, la Place d'Espagne se trouvent \u00e0 moins de 15 minutes \u00e0 pieds.","og_url":"https:\/\/www.hotelkennedy.net\/fr\/ou-nous-sommes\/","og_site_name":"Hotel Kennedy","article_modified_time":"2024-02-08T15:51:35+00:00","twitter_card":"summary_large_image","twitter_misc":{"Dur\u00e9e de lecture estim\u00e9e":"1 minute"},"schema":{"@context":"https:\/\/schema.org","@graph":[{"@type":"WebPage","@id":"https:\/\/www.hotelkennedy.net\/fr\/ou-nous-sommes\/","url":"https:\/\/www.hotelkennedy.net\/fr\/ou-nous-sommes\/","name":"O\u00f9 nous sommes &#183; Hotel Kennedy &#183;","isPartOf":{"@id":"https:\/\/www.hotelkennedy.net\/fr\/#website"},"datePublished":"2023-11-27T13:46:15+00:00","dateModified":"2024-02-08T15:51:35+00:00","description":"La localisation de l\u2019H\u00f4tel Kennedy est strat\u00e9gique: l\u2019H\u00f4tel est \u00e0 Rome Termini, \u00e0 seulement 5 minutes \u00e0 pieds de la gare principale de Rome. De l\u00e0, vous avez acc\u00e8s aux principales lignes de bus et de m\u00e9tro. Aux environs de notre h\u00f4tel proche de la gare Rome Termini, vous trouverez de nombreux monuments int\u00e9ressants \u00e0 visiter: les Thermes de Diocl\u00e9tien, le Mus\u00e9e National Romain, l'Op\u00e9ra, la Via Nazionale, l'Eglise de San Pietro in Vincoli,l\u2019Arc romain de Gallien et l'Eglise de San Vito, la Basilique Santa Maria Maggiore, l'Aquarium romain (la maison de l\u2019Architecture) et Le quartier de Monti (il Rione Monti). Le Colis\u00e9e, le Forum Romain, la Domus Aurea et le parc de Trajan sont \u00e0 seulement 1 km de notre h\u00f4tel \u00e0 Rome Termini. Le Quirinale, la fontaine de Trevi, la Place d'Espagne se trouvent \u00e0 moins de 15 minutes \u00e0 pieds.","breadcrumb":{"@id":"https:\/\/www.hotelkennedy.net\/fr\/ou-nous-sommes\/#breadcrumb"},"inLanguage":"fr-FR","potentialAction":[{"@type":"ReadAction","target":["https:\/\/www.hotelkennedy.net\/fr\/ou-nous-sommes\/"]}]},{"@type":"BreadcrumbList","@id":"https:\/\/www.hotelkennedy.net\/fr\/ou-nous-sommes\/#breadcrumb","itemListElement":[{"@type":"ListItem","position":1,"name":"Home","item":"https:\/\/www.hotelkennedy.net\/fr\/"},{"@type":"ListItem","position":2,"name":"O\u00f9 nous sommes"}]},{"@type":"WebSite","@id":"https:\/\/www.hotelkennedy.net\/fr\/#website","url":"https:\/\/www.hotelkennedy.net\/fr\/","name":"Hotel Kennedy","description":"","potentialAction":[{"@type":"SearchAction","target":{"@type":"EntryPoint","urlTemplate":"https:\/\/www.hotelkennedy.net\/fr\/?s={search_term_string}"},"query-input":"required name=search_term_string"}],"inLanguage":"fr-FR"}]}},"acf":[],"_links":{"self":[{"href":"https:\/\/www.hotelkennedy.net\/fr\/wp-json\/wp\/v2\/pages\/432"}],"collection":[{"href":"https:\/\/www.hotelkennedy.net\/fr\/wp-json\/wp\/v2\/pages"}],"about":[{"href":"https:\/\/www.hotelkennedy.net\/fr\/wp-json\/wp\/v2\/types\/page"}],"author":[{"embeddable":true,"href":"https:\/\/www.hotelkennedy.net\/fr\/wp-json\/wp\/v2\/users\/26"}],"replies":[{"embeddable":true,"href":"https:\/\/www.hotelkennedy.net\/fr\/wp-json\/wp\/v2\/comments?post=432"}],"version-history":[{"count":0,"href":"https:\/\/www.hotelkennedy.net\/fr\/wp-json\/wp\/v2\/pages\/432\/revisions"}],"wp:attachment":[{"href":"https:\/\/www.hotelkennedy.net\/fr\/wp-json\/wp\/v2\/media?parent=432"}],"curies":[{"name":"wp","href":"https:\/\/api.w.org\/{rel}","templated":true}]}}