{"id":447,"date":"2023-11-27T14:44:46","date_gmt":"2023-11-27T13:44:46","guid":{"rendered":"https:\/\/hotelkennedy.ms2.decms.eu\/?page_id=447"},"modified":"2024-12-31T12:00:08","modified_gmt":"2024-12-31T11:00:08","slug":"jfk-house-dependance","status":"publish","type":"page","link":"https:\/\/www.hotelkennedy.net\/fr\/jfk-house-dependance\/","title":{"rendered":"JFK House Dependance"},"content":{"rendered":"<p>L&rsquo;H\u00f4tel Kennedy vous propose la La\u00a0d\u00e9pendance JFK HOUSE, une nouvelle solution d&rsquo;h\u00e9bergement garantissant une exp\u00e9rience diff\u00e9rente de celle de l\u2019h\u00f4tel classique: l&rsquo;annexe, <strong>s\u00e9par\u00e9e de l&rsquo;H\u00f4tel Kennedy<\/strong>, r\u00e9pond aux besoins de notre client\u00e8le \u00e0 la recherche d\u2019<strong>intimit\u00e9<\/strong> et de <strong>plus d\u2019autonomie \u00e0 l\u2019entr\u00e9e et la sortie<\/strong> de la r\u00e9sidence.<br \/>\nEn effet, L&rsquo;h\u00f4te est en possession permante de sa cl\u00e9f, plus besoin d\u2019interagir avec du personnel absent de la structure (except\u00e9 apr\u00e8s 11 heures pour le service nettoyage quotidien).<\/p>\n<p>La\u00a0d\u00e9pendance <strong>JFK HOUSE<\/strong>, inaugur\u00e9e au mois d\u2019Ao\u00fbt 2013, est n\u00e9e du fruit d\u2019une demande de notre client\u00e8le d\u2019avoir un endroit o\u00f9 s\u00e9journer \u00e0 Rome garantissant l\u2019<strong>intimit\u00e9, le confort et la tranquilit\u00e9<\/strong> en plein c\u0153ur de Rome. La\u00a0d\u00e9pendance JFK HOUSE constitue la priorit\u00e9 pr\u00e9f\u00e9r\u00e9e de la <strong>client\u00e8le d\u2019affaires<\/strong>.<\/p>\n","protected":false},"excerpt":{"rendered":"<p>L&rsquo;H\u00f4tel Kennedy vous propose la La\u00a0d\u00e9pendance JFK HOUSE, une nouvelle solution d&rsquo;h\u00e9bergement garantissant une exp\u00e9rience diff\u00e9rente de celle de l\u2019h\u00f4tel classique: l&rsquo;annexe, s\u00e9par\u00e9e de l&rsquo;H\u00f4tel Kennedy, r\u00e9pond aux besoins de notre client\u00e8le \u00e0 la recherche d\u2019intimit\u00e9 et de plus d\u2019autonomie \u00e0 l\u2019entr\u00e9e et la sortie de la r\u00e9sidence. En effet, L&rsquo;h\u00f4te est en possession permante [&hellip;]<\/p>\n","protected":false},"author":26,"featured_media":0,"parent":0,"menu_order":30,"comment_status":"closed","ping_status":"closed","template":"template-dependance.php","meta":{"footnotes":""},"yoast_head":"<!-- This site is optimized with the Yoast SEO plugin v22.3 - https:\/\/yoast.com\/wordpress\/plugins\/seo\/ -->\n<title>JFK House Dependance &#183; Hotel Kennedy &#183;<\/title>\n<meta name=\"description\" content=\"L&#039;H\u00f4tel Kennedy vous propose la La\u00a0d\u00e9pendance JFK HOUSE, une nouvelle solution d&#039;h\u00e9bergement garantissant une exp\u00e9rience diff\u00e9rente de celle de l\u2019h\u00f4tel classique: l&#039;annexe, s\u00e9par\u00e9e de l&#039;H\u00f4tel Kennedy, r\u00e9pond aux besoins de notre client\u00e8le \u00e0 la recherche d\u2019intimit\u00e9 et de plus d\u2019autonomie \u00e0 l\u2019entr\u00e9e et la sortie de la r\u00e9sidence. En effet, L&#039;h\u00f4te est en possession permante de sa cl\u00e9f, plus besoin d\u2019interagir avec du personnel absent de la structure (except\u00e9 apr\u00e8s 11 heures pour le service nettoyage quotidien).  La\u00a0d\u00e9pendance JFK HOUSE, inaugur\u00e9e au mois d\u2019Ao\u00fbt 2013, est n\u00e9e du fruit d\u2019une demande de notre client\u00e8le d\u2019avoir un endroit o\u00f9 s\u00e9journer \u00e0 Rome garantissant l\u2019intimit\u00e9, le confort et la tranquilit\u00e9 en plein c\u0153ur de Rome. La\u00a0d\u00e9pendance JFK HOUSE constitue la priorit\u00e9 pr\u00e9f\u00e9r\u00e9e de la client\u00e8le d\u2019affaires.\" \/>\n<meta name=\"robots\" content=\"index, follow, max-snippet:-1, max-image-preview:large, max-video-preview:-1\" \/>\n<link rel=\"canonical\" href=\"https:\/\/www.hotelkennedy.net\/fr\/jfk-house-dependance\/\" \/>\n<meta property=\"og:locale\" content=\"fr_FR\" \/>\n<meta property=\"og:type\" content=\"article\" \/>\n<meta property=\"og:title\" content=\"JFK House Dependance &#183; Hotel Kennedy &#183;\" \/>\n<meta property=\"og:description\" content=\"L&#039;H\u00f4tel Kennedy vous propose la La\u00a0d\u00e9pendance JFK HOUSE, une nouvelle solution d&#039;h\u00e9bergement garantissant une exp\u00e9rience diff\u00e9rente de celle de l\u2019h\u00f4tel classique: l&#039;annexe, s\u00e9par\u00e9e de l&#039;H\u00f4tel Kennedy, r\u00e9pond aux besoins de notre client\u00e8le \u00e0 la recherche d\u2019intimit\u00e9 et de plus d\u2019autonomie \u00e0 l\u2019entr\u00e9e et la sortie de la r\u00e9sidence. En effet, L&#039;h\u00f4te est en possession permante de sa cl\u00e9f, plus besoin d\u2019interagir avec du personnel absent de la structure (except\u00e9 apr\u00e8s 11 heures pour le service nettoyage quotidien).  La\u00a0d\u00e9pendance JFK HOUSE, inaugur\u00e9e au mois d\u2019Ao\u00fbt 2013, est n\u00e9e du fruit d\u2019une demande de notre client\u00e8le d\u2019avoir un endroit o\u00f9 s\u00e9journer \u00e0 Rome garantissant l\u2019intimit\u00e9, le confort et la tranquilit\u00e9 en plein c\u0153ur de Rome. La\u00a0d\u00e9pendance JFK HOUSE constitue la priorit\u00e9 pr\u00e9f\u00e9r\u00e9e de la client\u00e8le d\u2019affaires.\" \/>\n<meta property=\"og:url\" content=\"https:\/\/www.hotelkennedy.net\/fr\/jfk-house-dependance\/\" \/>\n<meta property=\"og:site_name\" content=\"Hotel Kennedy\" \/>\n<meta property=\"article:modified_time\" content=\"2024-12-31T11:00:08+00:00\" \/>\n<meta name=\"twitter:card\" content=\"summary_large_image\" \/>\n<meta name=\"twitter:label1\" content=\"Dur\u00e9e de lecture estim\u00e9e\" \/>\n\t<meta name=\"twitter:data1\" content=\"1 minute\" \/>\n<script type=\"application\/ld+json\" class=\"yoast-schema-graph\">{\"@context\":\"https:\/\/schema.org\",\"@graph\":[{\"@type\":\"WebPage\",\"@id\":\"https:\/\/www.hotelkennedy.net\/fr\/jfk-house-dependance\/\",\"url\":\"https:\/\/www.hotelkennedy.net\/fr\/jfk-house-dependance\/\",\"name\":\"JFK House Dependance &#183; Hotel Kennedy &#183;\",\"isPartOf\":{\"@id\":\"https:\/\/www.hotelkennedy.net\/fr\/#website\"},\"datePublished\":\"2023-11-27T13:44:46+00:00\",\"dateModified\":\"2024-12-31T11:00:08+00:00\",\"description\":\"L'H\u00f4tel Kennedy vous propose la La\u00a0d\u00e9pendance JFK HOUSE, une nouvelle solution d'h\u00e9bergement garantissant une exp\u00e9rience diff\u00e9rente de celle de l\u2019h\u00f4tel classique: l'annexe, s\u00e9par\u00e9e de l'H\u00f4tel Kennedy, r\u00e9pond aux besoins de notre client\u00e8le \u00e0 la recherche d\u2019intimit\u00e9 et de plus d\u2019autonomie \u00e0 l\u2019entr\u00e9e et la sortie de la r\u00e9sidence. En effet, L'h\u00f4te est en possession permante de sa cl\u00e9f, plus besoin d\u2019interagir avec du personnel absent de la structure (except\u00e9 apr\u00e8s 11 heures pour le service nettoyage quotidien). La\u00a0d\u00e9pendance JFK HOUSE, inaugur\u00e9e au mois d\u2019Ao\u00fbt 2013, est n\u00e9e du fruit d\u2019une demande de notre client\u00e8le d\u2019avoir un endroit o\u00f9 s\u00e9journer \u00e0 Rome garantissant l\u2019intimit\u00e9, le confort et la tranquilit\u00e9 en plein c\u0153ur de Rome. La\u00a0d\u00e9pendance JFK HOUSE constitue la priorit\u00e9 pr\u00e9f\u00e9r\u00e9e de la client\u00e8le d\u2019affaires.\",\"breadcrumb\":{\"@id\":\"https:\/\/www.hotelkennedy.net\/fr\/jfk-house-dependance\/#breadcrumb\"},\"inLanguage\":\"fr-FR\",\"potentialAction\":[{\"@type\":\"ReadAction\",\"target\":[\"https:\/\/www.hotelkennedy.net\/fr\/jfk-house-dependance\/\"]}]},{\"@type\":\"BreadcrumbList\",\"@id\":\"https:\/\/www.hotelkennedy.net\/fr\/jfk-house-dependance\/#breadcrumb\",\"itemListElement\":[{\"@type\":\"ListItem\",\"position\":1,\"name\":\"Home\",\"item\":\"https:\/\/www.hotelkennedy.net\/fr\/\"},{\"@type\":\"ListItem\",\"position\":2,\"name\":\"JFK House Dependance\"}]},{\"@type\":\"WebSite\",\"@id\":\"https:\/\/www.hotelkennedy.net\/fr\/#website\",\"url\":\"https:\/\/www.hotelkennedy.net\/fr\/\",\"name\":\"Hotel Kennedy\",\"description\":\"\",\"potentialAction\":[{\"@type\":\"SearchAction\",\"target\":{\"@type\":\"EntryPoint\",\"urlTemplate\":\"https:\/\/www.hotelkennedy.net\/fr\/?s={search_term_string}\"},\"query-input\":\"required name=search_term_string\"}],\"inLanguage\":\"fr-FR\"}]}<\/script>\n<!-- \/ Yoast SEO plugin. -->","yoast_head_json":{"title":"JFK House Dependance &#183; Hotel Kennedy &#183;","description":"L'H\u00f4tel Kennedy vous propose la La\u00a0d\u00e9pendance JFK HOUSE, une nouvelle solution d'h\u00e9bergement garantissant une exp\u00e9rience diff\u00e9rente de celle de l\u2019h\u00f4tel classique: l'annexe, s\u00e9par\u00e9e de l'H\u00f4tel Kennedy, r\u00e9pond aux besoins de notre client\u00e8le \u00e0 la recherche d\u2019intimit\u00e9 et de plus d\u2019autonomie \u00e0 l\u2019entr\u00e9e et la sortie de la r\u00e9sidence. En effet, L'h\u00f4te est en possession permante de sa cl\u00e9f, plus besoin d\u2019interagir avec du personnel absent de la structure (except\u00e9 apr\u00e8s 11 heures pour le service nettoyage quotidien).  La\u00a0d\u00e9pendance JFK HOUSE, inaugur\u00e9e au mois d\u2019Ao\u00fbt 2013, est n\u00e9e du fruit d\u2019une demande de notre client\u00e8le d\u2019avoir un endroit o\u00f9 s\u00e9journer \u00e0 Rome garantissant l\u2019intimit\u00e9, le confort et la tranquilit\u00e9 en plein c\u0153ur de Rome. La\u00a0d\u00e9pendance JFK HOUSE constitue la priorit\u00e9 pr\u00e9f\u00e9r\u00e9e de la client\u00e8le d\u2019affaires.","robots":{"index":"index","follow":"follow","max-snippet":"max-snippet:-1","max-image-preview":"max-image-preview:large","max-video-preview":"max-video-preview:-1"},"canonical":"https:\/\/www.hotelkennedy.net\/fr\/jfk-house-dependance\/","og_locale":"fr_FR","og_type":"article","og_title":"JFK House Dependance &#183; Hotel Kennedy &#183;","og_description":"L'H\u00f4tel Kennedy vous propose la La\u00a0d\u00e9pendance JFK HOUSE, une nouvelle solution d'h\u00e9bergement garantissant une exp\u00e9rience diff\u00e9rente de celle de l\u2019h\u00f4tel classique: l'annexe, s\u00e9par\u00e9e de l'H\u00f4tel Kennedy, r\u00e9pond aux besoins de notre client\u00e8le \u00e0 la recherche d\u2019intimit\u00e9 et de plus d\u2019autonomie \u00e0 l\u2019entr\u00e9e et la sortie de la r\u00e9sidence. En effet, L'h\u00f4te est en possession permante de sa cl\u00e9f, plus besoin d\u2019interagir avec du personnel absent de la structure (except\u00e9 apr\u00e8s 11 heures pour le service nettoyage quotidien).  La\u00a0d\u00e9pendance JFK HOUSE, inaugur\u00e9e au mois d\u2019Ao\u00fbt 2013, est n\u00e9e du fruit d\u2019une demande de notre client\u00e8le d\u2019avoir un endroit o\u00f9 s\u00e9journer \u00e0 Rome garantissant l\u2019intimit\u00e9, le confort et la tranquilit\u00e9 en plein c\u0153ur de Rome. La\u00a0d\u00e9pendance JFK HOUSE constitue la priorit\u00e9 pr\u00e9f\u00e9r\u00e9e de la client\u00e8le d\u2019affaires.","og_url":"https:\/\/www.hotelkennedy.net\/fr\/jfk-house-dependance\/","og_site_name":"Hotel Kennedy","article_modified_time":"2024-12-31T11:00:08+00:00","twitter_card":"summary_large_image","twitter_misc":{"Dur\u00e9e de lecture estim\u00e9e":"1 minute"},"schema":{"@context":"https:\/\/schema.org","@graph":[{"@type":"WebPage","@id":"https:\/\/www.hotelkennedy.net\/fr\/jfk-house-dependance\/","url":"https:\/\/www.hotelkennedy.net\/fr\/jfk-house-dependance\/","name":"JFK House Dependance &#183; Hotel Kennedy &#183;","isPartOf":{"@id":"https:\/\/www.hotelkennedy.net\/fr\/#website"},"datePublished":"2023-11-27T13:44:46+00:00","dateModified":"2024-12-31T11:00:08+00:00","description":"L'H\u00f4tel Kennedy vous propose la La\u00a0d\u00e9pendance JFK HOUSE, une nouvelle solution d'h\u00e9bergement garantissant une exp\u00e9rience diff\u00e9rente de celle de l\u2019h\u00f4tel classique: l'annexe, s\u00e9par\u00e9e de l'H\u00f4tel Kennedy, r\u00e9pond aux besoins de notre client\u00e8le \u00e0 la recherche d\u2019intimit\u00e9 et de plus d\u2019autonomie \u00e0 l\u2019entr\u00e9e et la sortie de la r\u00e9sidence. En effet, L'h\u00f4te est en possession permante de sa cl\u00e9f, plus besoin d\u2019interagir avec du personnel absent de la structure (except\u00e9 apr\u00e8s 11 heures pour le service nettoyage quotidien). La\u00a0d\u00e9pendance JFK HOUSE, inaugur\u00e9e au mois d\u2019Ao\u00fbt 2013, est n\u00e9e du fruit d\u2019une demande de notre client\u00e8le d\u2019avoir un endroit o\u00f9 s\u00e9journer \u00e0 Rome garantissant l\u2019intimit\u00e9, le confort et la tranquilit\u00e9 en plein c\u0153ur de Rome. La\u00a0d\u00e9pendance JFK HOUSE constitue la priorit\u00e9 pr\u00e9f\u00e9r\u00e9e de la client\u00e8le d\u2019affaires.","breadcrumb":{"@id":"https:\/\/www.hotelkennedy.net\/fr\/jfk-house-dependance\/#breadcrumb"},"inLanguage":"fr-FR","potentialAction":[{"@type":"ReadAction","target":["https:\/\/www.hotelkennedy.net\/fr\/jfk-house-dependance\/"]}]},{"@type":"BreadcrumbList","@id":"https:\/\/www.hotelkennedy.net\/fr\/jfk-house-dependance\/#breadcrumb","itemListElement":[{"@type":"ListItem","position":1,"name":"Home","item":"https:\/\/www.hotelkennedy.net\/fr\/"},{"@type":"ListItem","position":2,"name":"JFK House Dependance"}]},{"@type":"WebSite","@id":"https:\/\/www.hotelkennedy.net\/fr\/#website","url":"https:\/\/www.hotelkennedy.net\/fr\/","name":"Hotel Kennedy","description":"","potentialAction":[{"@type":"SearchAction","target":{"@type":"EntryPoint","urlTemplate":"https:\/\/www.hotelkennedy.net\/fr\/?s={search_term_string}"},"query-input":"required name=search_term_string"}],"inLanguage":"fr-FR"}]}},"acf":[],"_links":{"self":[{"href":"https:\/\/www.hotelkennedy.net\/fr\/wp-json\/wp\/v2\/pages\/447"}],"collection":[{"href":"https:\/\/www.hotelkennedy.net\/fr\/wp-json\/wp\/v2\/pages"}],"about":[{"href":"https:\/\/www.hotelkennedy.net\/fr\/wp-json\/wp\/v2\/types\/page"}],"author":[{"embeddable":true,"href":"https:\/\/www.hotelkennedy.net\/fr\/wp-json\/wp\/v2\/users\/26"}],"replies":[{"embeddable":true,"href":"https:\/\/www.hotelkennedy.net\/fr\/wp-json\/wp\/v2\/comments?post=447"}],"version-history":[{"count":0,"href":"https:\/\/www.hotelkennedy.net\/fr\/wp-json\/wp\/v2\/pages\/447\/revisions"}],"wp:attachment":[{"href":"https:\/\/www.hotelkennedy.net\/fr\/wp-json\/wp\/v2\/media?parent=447"}],"curies":[{"name":"wp","href":"https:\/\/api.w.org\/{rel}","templated":true}]}}