{"id":457,"date":"2023-11-27T15:17:16","date_gmt":"2023-11-27T14:17:16","guid":{"rendered":"https:\/\/hotelkennedy.ms2.decms.eu\/?page_id=457"},"modified":"2024-12-31T12:03:43","modified_gmt":"2024-12-31T11:03:43","slug":"jackies-in-rome-apartments","status":"publish","type":"page","link":"https:\/\/www.hotelkennedy.net\/fr\/jackies-in-rome-apartments\/","title":{"rendered":"Jackie\u2019s in Rome Apartments"},"content":{"rendered":"<p>Le nom de Jackie\u2019s \u00e0 Rome a \u00e9t\u00e9 choisi en hommage \u00e0 la c\u00e9l\u00e8bre \u0153uvre d&rsquo;Andy Warhol d\u00e9di\u00e9e \u00e0 Jacqueline Kennedy, dont nous nous sommes inspir\u00e9s.<\/p>\n<p>Appartements Jackie\u2019s \u00e0 Rome \u2013 The Jackie\u2019s rouge et The Jackie\u2019s bleu (45m\u00b2 et 48m\u00b2) sont deux appartements de vacances \u00e0 Rome, id\u00e9al pour visiter la ville librement, garantissant un <strong>accueil soign\u00e9<\/strong>, une d\u00e9coration de qualit\u00e9 dans un cadre architectural de tr\u00e8s bon go\u00fbt avec les services comme si vous \u00e9tiez \u00e0 l\u2019h\u00f4tel.<\/p>\n","protected":false},"excerpt":{"rendered":"<p>Le nom de Jackie\u2019s \u00e0 Rome a \u00e9t\u00e9 choisi en hommage \u00e0 la c\u00e9l\u00e8bre \u0153uvre d&rsquo;Andy Warhol d\u00e9di\u00e9e \u00e0 Jacqueline Kennedy, dont nous nous sommes inspir\u00e9s. Appartements Jackie\u2019s \u00e0 Rome \u2013 The Jackie\u2019s rouge et The Jackie\u2019s bleu (45m\u00b2 et 48m\u00b2) sont deux appartements de vacances \u00e0 Rome, id\u00e9al pour visiter la ville librement, garantissant [&hellip;]<\/p>\n","protected":false},"author":26,"featured_media":0,"parent":0,"menu_order":40,"comment_status":"closed","ping_status":"closed","template":"template-apartments.php","meta":{"footnotes":""},"yoast_head":"<!-- This site is optimized with the Yoast SEO plugin v22.3 - https:\/\/yoast.com\/wordpress\/plugins\/seo\/ -->\n<title>Jackie\u2019s in Rome Apartments &#183; Hotel Kennedy &#183;<\/title>\n<meta name=\"description\" content=\"Le nom de Jackie\u2019s \u00e0 Rome a \u00e9t\u00e9 choisi en hommage \u00e0 la c\u00e9l\u00e8bre \u0153uvre d&#039;Andy Warhol d\u00e9di\u00e9e \u00e0 Jacqueline Kennedy, dont nous nous sommes inspir\u00e9s.  Appartements Jackie\u2019s \u00e0 Rome \u2013 The Jackie\u2019s rouge et The Jackie\u2019s bleu (45m\u00b2 et 48m\u00b2) sont deux appartements de vacances \u00e0 Rome, id\u00e9al pour visiter la ville librement, garantissant un accueil soign\u00e9, une d\u00e9coration de qualit\u00e9 dans un cadre architectural de tr\u00e8s bon go\u00fbt avec les services comme si vous \u00e9tiez \u00e0 l\u2019h\u00f4tel..\" \/>\n<meta name=\"robots\" content=\"index, follow, max-snippet:-1, max-image-preview:large, max-video-preview:-1\" \/>\n<link rel=\"canonical\" href=\"https:\/\/www.hotelkennedy.net\/fr\/jackies-in-rome-apartments\/\" \/>\n<meta property=\"og:locale\" content=\"fr_FR\" \/>\n<meta property=\"og:type\" content=\"article\" \/>\n<meta property=\"og:title\" content=\"Jackie\u2019s in Rome Apartments &#183; Hotel Kennedy &#183;\" \/>\n<meta property=\"og:description\" content=\"Le nom de Jackie\u2019s \u00e0 Rome a \u00e9t\u00e9 choisi en hommage \u00e0 la c\u00e9l\u00e8bre \u0153uvre d&#039;Andy Warhol d\u00e9di\u00e9e \u00e0 Jacqueline Kennedy, dont nous nous sommes inspir\u00e9s.  Appartements Jackie\u2019s \u00e0 Rome \u2013 The Jackie\u2019s rouge et The Jackie\u2019s bleu (45m\u00b2 et 48m\u00b2) sont deux appartements de vacances \u00e0 Rome, id\u00e9al pour visiter la ville librement, garantissant un accueil soign\u00e9, une d\u00e9coration de qualit\u00e9 dans un cadre architectural de tr\u00e8s bon go\u00fbt avec les services comme si vous \u00e9tiez \u00e0 l\u2019h\u00f4tel..\" \/>\n<meta property=\"og:url\" content=\"https:\/\/www.hotelkennedy.net\/fr\/jackies-in-rome-apartments\/\" \/>\n<meta property=\"og:site_name\" content=\"Hotel Kennedy\" \/>\n<meta property=\"article:modified_time\" content=\"2024-12-31T11:03:43+00:00\" \/>\n<meta name=\"twitter:card\" content=\"summary_large_image\" \/>\n<meta name=\"twitter:label1\" content=\"Dur\u00e9e de lecture estim\u00e9e\" \/>\n\t<meta name=\"twitter:data1\" content=\"1 minute\" \/>\n<script type=\"application\/ld+json\" class=\"yoast-schema-graph\">{\"@context\":\"https:\/\/schema.org\",\"@graph\":[{\"@type\":\"WebPage\",\"@id\":\"https:\/\/www.hotelkennedy.net\/fr\/jackies-in-rome-apartments\/\",\"url\":\"https:\/\/www.hotelkennedy.net\/fr\/jackies-in-rome-apartments\/\",\"name\":\"Jackie\u2019s in Rome Apartments &#183; Hotel Kennedy &#183;\",\"isPartOf\":{\"@id\":\"https:\/\/www.hotelkennedy.net\/fr\/#website\"},\"datePublished\":\"2023-11-27T14:17:16+00:00\",\"dateModified\":\"2024-12-31T11:03:43+00:00\",\"description\":\"Le nom de Jackie\u2019s \u00e0 Rome a \u00e9t\u00e9 choisi en hommage \u00e0 la c\u00e9l\u00e8bre \u0153uvre d'Andy Warhol d\u00e9di\u00e9e \u00e0 Jacqueline Kennedy, dont nous nous sommes inspir\u00e9s. Appartements Jackie\u2019s \u00e0 Rome \u2013 The Jackie\u2019s rouge et The Jackie\u2019s bleu (45m\u00b2 et 48m\u00b2) sont deux appartements de vacances \u00e0 Rome, id\u00e9al pour visiter la ville librement, garantissant un accueil soign\u00e9, une d\u00e9coration de qualit\u00e9 dans un cadre architectural de tr\u00e8s bon go\u00fbt avec les services comme si vous \u00e9tiez \u00e0 l\u2019h\u00f4tel..\",\"breadcrumb\":{\"@id\":\"https:\/\/www.hotelkennedy.net\/fr\/jackies-in-rome-apartments\/#breadcrumb\"},\"inLanguage\":\"fr-FR\",\"potentialAction\":[{\"@type\":\"ReadAction\",\"target\":[\"https:\/\/www.hotelkennedy.net\/fr\/jackies-in-rome-apartments\/\"]}]},{\"@type\":\"BreadcrumbList\",\"@id\":\"https:\/\/www.hotelkennedy.net\/fr\/jackies-in-rome-apartments\/#breadcrumb\",\"itemListElement\":[{\"@type\":\"ListItem\",\"position\":1,\"name\":\"Home\",\"item\":\"https:\/\/www.hotelkennedy.net\/fr\/\"},{\"@type\":\"ListItem\",\"position\":2,\"name\":\"Jackie\u2019s in Rome Apartments\"}]},{\"@type\":\"WebSite\",\"@id\":\"https:\/\/www.hotelkennedy.net\/fr\/#website\",\"url\":\"https:\/\/www.hotelkennedy.net\/fr\/\",\"name\":\"Hotel Kennedy\",\"description\":\"\",\"potentialAction\":[{\"@type\":\"SearchAction\",\"target\":{\"@type\":\"EntryPoint\",\"urlTemplate\":\"https:\/\/www.hotelkennedy.net\/fr\/?s={search_term_string}\"},\"query-input\":\"required name=search_term_string\"}],\"inLanguage\":\"fr-FR\"}]}<\/script>\n<!-- \/ Yoast SEO plugin. -->","yoast_head_json":{"title":"Jackie\u2019s in Rome Apartments &#183; Hotel Kennedy &#183;","description":"Le nom de Jackie\u2019s \u00e0 Rome a \u00e9t\u00e9 choisi en hommage \u00e0 la c\u00e9l\u00e8bre \u0153uvre d'Andy Warhol d\u00e9di\u00e9e \u00e0 Jacqueline Kennedy, dont nous nous sommes inspir\u00e9s.  Appartements Jackie\u2019s \u00e0 Rome \u2013 The Jackie\u2019s rouge et The Jackie\u2019s bleu (45m\u00b2 et 48m\u00b2) sont deux appartements de vacances \u00e0 Rome, id\u00e9al pour visiter la ville librement, garantissant un accueil soign\u00e9, une d\u00e9coration de qualit\u00e9 dans un cadre architectural de tr\u00e8s bon go\u00fbt avec les services comme si vous \u00e9tiez \u00e0 l\u2019h\u00f4tel..","robots":{"index":"index","follow":"follow","max-snippet":"max-snippet:-1","max-image-preview":"max-image-preview:large","max-video-preview":"max-video-preview:-1"},"canonical":"https:\/\/www.hotelkennedy.net\/fr\/jackies-in-rome-apartments\/","og_locale":"fr_FR","og_type":"article","og_title":"Jackie\u2019s in Rome Apartments &#183; Hotel Kennedy &#183;","og_description":"Le nom de Jackie\u2019s \u00e0 Rome a \u00e9t\u00e9 choisi en hommage \u00e0 la c\u00e9l\u00e8bre \u0153uvre d'Andy Warhol d\u00e9di\u00e9e \u00e0 Jacqueline Kennedy, dont nous nous sommes inspir\u00e9s.  Appartements Jackie\u2019s \u00e0 Rome \u2013 The Jackie\u2019s rouge et The Jackie\u2019s bleu (45m\u00b2 et 48m\u00b2) sont deux appartements de vacances \u00e0 Rome, id\u00e9al pour visiter la ville librement, garantissant un accueil soign\u00e9, une d\u00e9coration de qualit\u00e9 dans un cadre architectural de tr\u00e8s bon go\u00fbt avec les services comme si vous \u00e9tiez \u00e0 l\u2019h\u00f4tel..","og_url":"https:\/\/www.hotelkennedy.net\/fr\/jackies-in-rome-apartments\/","og_site_name":"Hotel Kennedy","article_modified_time":"2024-12-31T11:03:43+00:00","twitter_card":"summary_large_image","twitter_misc":{"Dur\u00e9e de lecture estim\u00e9e":"1 minute"},"schema":{"@context":"https:\/\/schema.org","@graph":[{"@type":"WebPage","@id":"https:\/\/www.hotelkennedy.net\/fr\/jackies-in-rome-apartments\/","url":"https:\/\/www.hotelkennedy.net\/fr\/jackies-in-rome-apartments\/","name":"Jackie\u2019s in Rome Apartments &#183; Hotel Kennedy &#183;","isPartOf":{"@id":"https:\/\/www.hotelkennedy.net\/fr\/#website"},"datePublished":"2023-11-27T14:17:16+00:00","dateModified":"2024-12-31T11:03:43+00:00","description":"Le nom de Jackie\u2019s \u00e0 Rome a \u00e9t\u00e9 choisi en hommage \u00e0 la c\u00e9l\u00e8bre \u0153uvre d'Andy Warhol d\u00e9di\u00e9e \u00e0 Jacqueline Kennedy, dont nous nous sommes inspir\u00e9s. Appartements Jackie\u2019s \u00e0 Rome \u2013 The Jackie\u2019s rouge et The Jackie\u2019s bleu (45m\u00b2 et 48m\u00b2) sont deux appartements de vacances \u00e0 Rome, id\u00e9al pour visiter la ville librement, garantissant un accueil soign\u00e9, une d\u00e9coration de qualit\u00e9 dans un cadre architectural de tr\u00e8s bon go\u00fbt avec les services comme si vous \u00e9tiez \u00e0 l\u2019h\u00f4tel..","breadcrumb":{"@id":"https:\/\/www.hotelkennedy.net\/fr\/jackies-in-rome-apartments\/#breadcrumb"},"inLanguage":"fr-FR","potentialAction":[{"@type":"ReadAction","target":["https:\/\/www.hotelkennedy.net\/fr\/jackies-in-rome-apartments\/"]}]},{"@type":"BreadcrumbList","@id":"https:\/\/www.hotelkennedy.net\/fr\/jackies-in-rome-apartments\/#breadcrumb","itemListElement":[{"@type":"ListItem","position":1,"name":"Home","item":"https:\/\/www.hotelkennedy.net\/fr\/"},{"@type":"ListItem","position":2,"name":"Jackie\u2019s in Rome Apartments"}]},{"@type":"WebSite","@id":"https:\/\/www.hotelkennedy.net\/fr\/#website","url":"https:\/\/www.hotelkennedy.net\/fr\/","name":"Hotel Kennedy","description":"","potentialAction":[{"@type":"SearchAction","target":{"@type":"EntryPoint","urlTemplate":"https:\/\/www.hotelkennedy.net\/fr\/?s={search_term_string}"},"query-input":"required name=search_term_string"}],"inLanguage":"fr-FR"}]}},"acf":[],"_links":{"self":[{"href":"https:\/\/www.hotelkennedy.net\/fr\/wp-json\/wp\/v2\/pages\/457"}],"collection":[{"href":"https:\/\/www.hotelkennedy.net\/fr\/wp-json\/wp\/v2\/pages"}],"about":[{"href":"https:\/\/www.hotelkennedy.net\/fr\/wp-json\/wp\/v2\/types\/page"}],"author":[{"embeddable":true,"href":"https:\/\/www.hotelkennedy.net\/fr\/wp-json\/wp\/v2\/users\/26"}],"replies":[{"embeddable":true,"href":"https:\/\/www.hotelkennedy.net\/fr\/wp-json\/wp\/v2\/comments?post=457"}],"version-history":[{"count":0,"href":"https:\/\/www.hotelkennedy.net\/fr\/wp-json\/wp\/v2\/pages\/457\/revisions"}],"wp:attachment":[{"href":"https:\/\/www.hotelkennedy.net\/fr\/wp-json\/wp\/v2\/media?parent=457"}],"curies":[{"name":"wp","href":"https:\/\/api.w.org\/{rel}","templated":true}]}}