{"id":331,"date":"2023-11-21T17:52:49","date_gmt":"2023-11-21T16:52:49","guid":{"rendered":"https:\/\/hotelkennedy.ms2.decms.eu\/?page_id=331"},"modified":"2024-02-08T15:07:00","modified_gmt":"2024-02-08T14:07:00","slug":"suite-junior","status":"publish","type":"page","link":"https:\/\/www.hotelkennedy.net\/pt-br\/hotel\/suite-junior\/","title":{"rendered":"Su\u00edte J\u00fanior"},"content":{"rendered":"<p>Ambas as su\u00edtes s\u00e3o quartos para a fam\u00edlia e consistem de dois quartos duplos conectados por um banheiro. A <strong>su\u00edte Standard<\/strong> conta com <strong>banheira<\/strong>. Foi projetada para fam\u00edlias de <strong>at\u00e9 4 membros<\/strong>.<\/p>\n","protected":false},"excerpt":{"rendered":"<p>Ambas as su\u00edtes s\u00e3o quartos para a fam\u00edlia e consistem de dois quartos duplos conectados por um banheiro. A su\u00edte Standard conta com banheira. Foi projetada para fam\u00edlias de at\u00e9 4 membros.<\/p>\n","protected":false},"author":26,"featured_media":0,"parent":305,"menu_order":30,"comment_status":"closed","ping_status":"closed","template":"template-single-room.php","meta":{"footnotes":""},"yoast_head":"<!-- This site is optimized with the Yoast SEO plugin v22.3 - https:\/\/yoast.com\/wordpress\/plugins\/seo\/ -->\n<title>Su\u00edte J\u00fanior &#183; Hotel Kennedy &#183;<\/title>\n<meta name=\"description\" content=\"Ambas as su\u00edtes s\u00e3o quartos para a fam\u00edlia e consistem de dois quartos duplos conectados por um banheiro. A su\u00edte Standard conta com banheira\" \/>\n<meta name=\"robots\" content=\"index, follow, max-snippet:-1, max-image-preview:large, max-video-preview:-1\" \/>\n<link rel=\"canonical\" href=\"https:\/\/www.hotelkennedy.net\/pt-br\/hotel\/suite-junior\/\" \/>\n<meta property=\"og:locale\" content=\"pt_BR\" \/>\n<meta property=\"og:type\" content=\"article\" \/>\n<meta property=\"og:title\" content=\"Su\u00edte J\u00fanior &#183; Hotel Kennedy &#183;\" \/>\n<meta property=\"og:description\" content=\"Ambas as su\u00edtes s\u00e3o quartos para a fam\u00edlia e consistem de dois quartos duplos conectados por um banheiro. A su\u00edte Standard conta com banheira\" \/>\n<meta property=\"og:url\" content=\"https:\/\/www.hotelkennedy.net\/pt-br\/hotel\/suite-junior\/\" \/>\n<meta property=\"og:site_name\" content=\"Hotel Kennedy\" \/>\n<meta property=\"article:modified_time\" content=\"2024-02-08T14:07:00+00:00\" \/>\n<meta name=\"twitter:card\" content=\"summary_large_image\" \/>\n<script type=\"application\/ld+json\" class=\"yoast-schema-graph\">{\"@context\":\"https:\/\/schema.org\",\"@graph\":[{\"@type\":\"WebPage\",\"@id\":\"https:\/\/www.hotelkennedy.net\/pt-br\/hotel\/suite-junior\/\",\"url\":\"https:\/\/www.hotelkennedy.net\/pt-br\/hotel\/suite-junior\/\",\"name\":\"Su\u00edte J\u00fanior &#183; Hotel Kennedy &#183;\",\"isPartOf\":{\"@id\":\"https:\/\/www.hotelkennedy.net\/pt-br\/#website\"},\"datePublished\":\"2023-11-21T16:52:49+00:00\",\"dateModified\":\"2024-02-08T14:07:00+00:00\",\"description\":\"Ambas as su\u00edtes s\u00e3o quartos para a fam\u00edlia e consistem de dois quartos duplos conectados por um banheiro. A su\u00edte Standard conta com banheira\",\"breadcrumb\":{\"@id\":\"https:\/\/www.hotelkennedy.net\/pt-br\/hotel\/suite-junior\/#breadcrumb\"},\"inLanguage\":\"pt-BR\",\"potentialAction\":[{\"@type\":\"ReadAction\",\"target\":[\"https:\/\/www.hotelkennedy.net\/pt-br\/hotel\/suite-junior\/\"]}]},{\"@type\":\"BreadcrumbList\",\"@id\":\"https:\/\/www.hotelkennedy.net\/pt-br\/hotel\/suite-junior\/#breadcrumb\",\"itemListElement\":[{\"@type\":\"ListItem\",\"position\":1,\"name\":\"Home\",\"item\":\"https:\/\/www.hotelkennedy.net\/pt-br\/\"},{\"@type\":\"ListItem\",\"position\":2,\"name\":\"Hotel\",\"item\":\"https:\/\/www.hotelkennedy.net\/pt-br\/hotel\/\"},{\"@type\":\"ListItem\",\"position\":3,\"name\":\"Su\u00edte J\u00fanior\"}]},{\"@type\":\"WebSite\",\"@id\":\"https:\/\/www.hotelkennedy.net\/pt-br\/#website\",\"url\":\"https:\/\/www.hotelkennedy.net\/pt-br\/\",\"name\":\"Hotel Kennedy\",\"description\":\"\",\"potentialAction\":[{\"@type\":\"SearchAction\",\"target\":{\"@type\":\"EntryPoint\",\"urlTemplate\":\"https:\/\/www.hotelkennedy.net\/pt-br\/?s={search_term_string}\"},\"query-input\":\"required name=search_term_string\"}],\"inLanguage\":\"pt-BR\"}]}<\/script>\n<!-- \/ Yoast SEO plugin. -->","yoast_head_json":{"title":"Su\u00edte J\u00fanior &#183; Hotel Kennedy &#183;","description":"Ambas as su\u00edtes s\u00e3o quartos para a fam\u00edlia e consistem de dois quartos duplos conectados por um banheiro. A su\u00edte Standard conta com banheira","robots":{"index":"index","follow":"follow","max-snippet":"max-snippet:-1","max-image-preview":"max-image-preview:large","max-video-preview":"max-video-preview:-1"},"canonical":"https:\/\/www.hotelkennedy.net\/pt-br\/hotel\/suite-junior\/","og_locale":"pt_BR","og_type":"article","og_title":"Su\u00edte J\u00fanior &#183; Hotel Kennedy &#183;","og_description":"Ambas as su\u00edtes s\u00e3o quartos para a fam\u00edlia e consistem de dois quartos duplos conectados por um banheiro. A su\u00edte Standard conta com banheira","og_url":"https:\/\/www.hotelkennedy.net\/pt-br\/hotel\/suite-junior\/","og_site_name":"Hotel Kennedy","article_modified_time":"2024-02-08T14:07:00+00:00","twitter_card":"summary_large_image","schema":{"@context":"https:\/\/schema.org","@graph":[{"@type":"WebPage","@id":"https:\/\/www.hotelkennedy.net\/pt-br\/hotel\/suite-junior\/","url":"https:\/\/www.hotelkennedy.net\/pt-br\/hotel\/suite-junior\/","name":"Su\u00edte J\u00fanior &#183; Hotel Kennedy &#183;","isPartOf":{"@id":"https:\/\/www.hotelkennedy.net\/pt-br\/#website"},"datePublished":"2023-11-21T16:52:49+00:00","dateModified":"2024-02-08T14:07:00+00:00","description":"Ambas as su\u00edtes s\u00e3o quartos para a fam\u00edlia e consistem de dois quartos duplos conectados por um banheiro. A su\u00edte Standard conta com banheira","breadcrumb":{"@id":"https:\/\/www.hotelkennedy.net\/pt-br\/hotel\/suite-junior\/#breadcrumb"},"inLanguage":"pt-BR","potentialAction":[{"@type":"ReadAction","target":["https:\/\/www.hotelkennedy.net\/pt-br\/hotel\/suite-junior\/"]}]},{"@type":"BreadcrumbList","@id":"https:\/\/www.hotelkennedy.net\/pt-br\/hotel\/suite-junior\/#breadcrumb","itemListElement":[{"@type":"ListItem","position":1,"name":"Home","item":"https:\/\/www.hotelkennedy.net\/pt-br\/"},{"@type":"ListItem","position":2,"name":"Hotel","item":"https:\/\/www.hotelkennedy.net\/pt-br\/hotel\/"},{"@type":"ListItem","position":3,"name":"Su\u00edte J\u00fanior"}]},{"@type":"WebSite","@id":"https:\/\/www.hotelkennedy.net\/pt-br\/#website","url":"https:\/\/www.hotelkennedy.net\/pt-br\/","name":"Hotel Kennedy","description":"","potentialAction":[{"@type":"SearchAction","target":{"@type":"EntryPoint","urlTemplate":"https:\/\/www.hotelkennedy.net\/pt-br\/?s={search_term_string}"},"query-input":"required name=search_term_string"}],"inLanguage":"pt-BR"}]}},"acf":[],"_links":{"self":[{"href":"https:\/\/www.hotelkennedy.net\/pt-br\/wp-json\/wp\/v2\/pages\/331"}],"collection":[{"href":"https:\/\/www.hotelkennedy.net\/pt-br\/wp-json\/wp\/v2\/pages"}],"about":[{"href":"https:\/\/www.hotelkennedy.net\/pt-br\/wp-json\/wp\/v2\/types\/page"}],"author":[{"embeddable":true,"href":"https:\/\/www.hotelkennedy.net\/pt-br\/wp-json\/wp\/v2\/users\/26"}],"replies":[{"embeddable":true,"href":"https:\/\/www.hotelkennedy.net\/pt-br\/wp-json\/wp\/v2\/comments?post=331"}],"version-history":[{"count":0,"href":"https:\/\/www.hotelkennedy.net\/pt-br\/wp-json\/wp\/v2\/pages\/331\/revisions"}],"up":[{"embeddable":true,"href":"https:\/\/www.hotelkennedy.net\/pt-br\/wp-json\/wp\/v2\/pages\/305"}],"wp:attachment":[{"href":"https:\/\/www.hotelkennedy.net\/pt-br\/wp-json\/wp\/v2\/media?parent=331"}],"curies":[{"name":"wp","href":"https:\/\/api.w.org\/{rel}","templated":true}]}}