{"id":435,"date":"2023-11-27T14:46:15","date_gmt":"2023-11-27T13:46:15","guid":{"rendered":"https:\/\/hotelkennedy.ms2.decms.eu\/?page_id=435"},"modified":"2024-02-08T16:53:11","modified_gmt":"2024-02-08T15:53:11","slug":"onde-estamos","status":"publish","type":"page","link":"https:\/\/www.hotelkennedy.net\/pt-br\/onde-estamos\/","title":{"rendered":"Onde estamos"},"content":{"rendered":"<p>A localiza\u00e7\u00e3o do Hotel Kennedy \u00e9 estrat\u00e9gica: o <strong>hotel \u00e9 em Roma perto da esta\u00e7\u00e3o Termini<\/strong>, a apenas 5 minutos a p\u00e9 da esta\u00e7\u00e3o principal de Roma.<\/p>\n<p>Daqui partem as principais linhas de \u00f4nibus e metr\u00f4.<\/p>\n<p>Perto de nosso hotel em Roma Termini voc\u00ea vai encontrar muitos monumentos interessantes para visitar: as Termas de Diocleciano, o Museu Nacional Romano, o Teatro da \u00d3pera, a Via Nazionale, a Igreja de San Pietro in Vincoli, o Arco Romano de Galiano e a Igreja de S\u00e3o Vito, a Bas\u00edlica de S. Maria Maggiore, o Aqu\u00e1rio Romano (Casa da Arquitetura) e Rione Monti.<\/p>\n<p>Do nosso hotel em Roma Termini o Coliseu, o F\u00f3rum Romano, a Domus Aurea e o Parque de Trajano ficam a apenas 1 km de dist\u00e2ncia. O Quirinale, a Fontana de Trevi e a Pra\u00e7a da Espanha est\u00e3o localizados a 15 minutos a p\u00e9.<\/p>\n","protected":false},"excerpt":{"rendered":"<p>A localiza\u00e7\u00e3o do Hotel Kennedy \u00e9 estrat\u00e9gica: o hotel \u00e9 em Roma perto da esta\u00e7\u00e3o Termini, a apenas 5 minutos a p\u00e9 da esta\u00e7\u00e3o principal de Roma. Daqui partem as principais linhas de \u00f4nibus e metr\u00f4. Perto de nosso hotel em Roma Termini voc\u00ea vai encontrar muitos monumentos interessantes para visitar: as Termas de Diocleciano, [&hellip;]<\/p>\n","protected":false},"author":26,"featured_media":0,"parent":0,"menu_order":100,"comment_status":"closed","ping_status":"closed","template":"template-location.php","meta":{"footnotes":""},"class_list":["post-435","page","type-page","status-publish","hentry"],"yoast_head":"<!-- This site is optimized with the Yoast SEO plugin v27.3 - https:\/\/yoast.com\/product\/yoast-seo-wordpress\/ -->\n<title>Onde estamos &#183; Hotel Kennedy &#183;<\/title>\n<meta name=\"description\" content=\"A localiza\u00e7\u00e3o do Hotel Kennedy \u00e9 estrat\u00e9gica: o hotel \u00e9 em Roma perto da esta\u00e7\u00e3o Termini, a apenas 5 minutos a p\u00e9 da esta\u00e7\u00e3o principal de Roma.  Daqui partem as principais linhas de \u00f4nibus e metr\u00f4.  Perto de nosso hotel em Roma Termini voc\u00ea vai encontrar muitos monumentos interessantes para visitar: as Termas de Diocleciano, o Museu Nacional Romano, o Teatro da \u00d3pera, a Via Nazionale, a Igreja de San Pietro in Vincoli, o Arco Romano de Galiano e a Igreja de S\u00e3o Vito, a Bas\u00edlica de S. Maria Maggiore, o Aqu\u00e1rio Romano (Casa da Arquitetura) e Rione Monti.  Do nosso hotel em Roma Termini o Coliseu, o F\u00f3rum Romano, a Domus Aurea e o Parque de Trajano ficam a apenas 1 km de dist\u00e2ncia\" \/>\n<meta name=\"robots\" content=\"index, follow, max-snippet:-1, max-image-preview:large, max-video-preview:-1\" \/>\n<link rel=\"canonical\" href=\"https:\/\/www.hotelkennedy.net\/pt-br\/onde-estamos\/\" \/>\n<meta property=\"og:locale\" content=\"pt_BR\" \/>\n<meta property=\"og:type\" content=\"article\" \/>\n<meta property=\"og:title\" content=\"Onde estamos &#183; Hotel Kennedy &#183;\" \/>\n<meta property=\"og:description\" content=\"A localiza\u00e7\u00e3o do Hotel Kennedy \u00e9 estrat\u00e9gica: o hotel \u00e9 em Roma perto da esta\u00e7\u00e3o Termini, a apenas 5 minutos a p\u00e9 da esta\u00e7\u00e3o principal de Roma.  Daqui partem as principais linhas de \u00f4nibus e metr\u00f4.  Perto de nosso hotel em Roma Termini voc\u00ea vai encontrar muitos monumentos interessantes para visitar: as Termas de Diocleciano, o Museu Nacional Romano, o Teatro da \u00d3pera, a Via Nazionale, a Igreja de San Pietro in Vincoli, o Arco Romano de Galiano e a Igreja de S\u00e3o Vito, a Bas\u00edlica de S. Maria Maggiore, o Aqu\u00e1rio Romano (Casa da Arquitetura) e Rione Monti.  Do nosso hotel em Roma Termini o Coliseu, o F\u00f3rum Romano, a Domus Aurea e o Parque de Trajano ficam a apenas 1 km de dist\u00e2ncia\" \/>\n<meta property=\"og:url\" content=\"https:\/\/www.hotelkennedy.net\/pt-br\/onde-estamos\/\" \/>\n<meta property=\"og:site_name\" content=\"Hotel Kennedy\" \/>\n<meta property=\"article:modified_time\" content=\"2024-02-08T15:53:11+00:00\" \/>\n<meta name=\"twitter:card\" content=\"summary_large_image\" \/>\n<meta name=\"twitter:label1\" content=\"Est. tempo de leitura\" \/>\n\t<meta name=\"twitter:data1\" content=\"1 minuto\" \/>\n<script type=\"application\/ld+json\" class=\"yoast-schema-graph\">{\"@context\":\"https:\\\/\\\/schema.org\",\"@graph\":[{\"@type\":\"WebPage\",\"@id\":\"https:\\\/\\\/www.hotelkennedy.net\\\/pt-br\\\/onde-estamos\\\/\",\"url\":\"https:\\\/\\\/www.hotelkennedy.net\\\/pt-br\\\/onde-estamos\\\/\",\"name\":\"Onde estamos &#183; Hotel Kennedy &#183;\",\"isPartOf\":{\"@id\":\"https:\\\/\\\/www.hotelkennedy.net\\\/pt-br\\\/#website\"},\"datePublished\":\"2023-11-27T13:46:15+00:00\",\"dateModified\":\"2024-02-08T15:53:11+00:00\",\"description\":\"A localiza\u00e7\u00e3o do Hotel Kennedy \u00e9 estrat\u00e9gica: o hotel \u00e9 em Roma perto da esta\u00e7\u00e3o Termini, a apenas 5 minutos a p\u00e9 da esta\u00e7\u00e3o principal de Roma. Daqui partem as principais linhas de \u00f4nibus e metr\u00f4. Perto de nosso hotel em Roma Termini voc\u00ea vai encontrar muitos monumentos interessantes para visitar: as Termas de Diocleciano, o Museu Nacional Romano, o Teatro da \u00d3pera, a Via Nazionale, a Igreja de San Pietro in Vincoli, o Arco Romano de Galiano e a Igreja de S\u00e3o Vito, a Bas\u00edlica de S. Maria Maggiore, o Aqu\u00e1rio Romano (Casa da Arquitetura) e Rione Monti. Do nosso hotel em Roma Termini o Coliseu, o F\u00f3rum Romano, a Domus Aurea e o Parque de Trajano ficam a apenas 1 km de dist\u00e2ncia\",\"breadcrumb\":{\"@id\":\"https:\\\/\\\/www.hotelkennedy.net\\\/pt-br\\\/onde-estamos\\\/#breadcrumb\"},\"inLanguage\":\"pt-BR\",\"potentialAction\":[{\"@type\":\"ReadAction\",\"target\":[\"https:\\\/\\\/www.hotelkennedy.net\\\/pt-br\\\/onde-estamos\\\/\"]}]},{\"@type\":\"BreadcrumbList\",\"@id\":\"https:\\\/\\\/www.hotelkennedy.net\\\/pt-br\\\/onde-estamos\\\/#breadcrumb\",\"itemListElement\":[{\"@type\":\"ListItem\",\"position\":1,\"name\":\"Home\",\"item\":\"https:\\\/\\\/www.hotelkennedy.net\\\/pt-br\\\/\"},{\"@type\":\"ListItem\",\"position\":2,\"name\":\"Onde estamos\"}]},{\"@type\":\"WebSite\",\"@id\":\"https:\\\/\\\/www.hotelkennedy.net\\\/pt-br\\\/#website\",\"url\":\"https:\\\/\\\/www.hotelkennedy.net\\\/pt-br\\\/\",\"name\":\"Hotel Kennedy\",\"description\":\"\",\"potentialAction\":[{\"@type\":\"SearchAction\",\"target\":{\"@type\":\"EntryPoint\",\"urlTemplate\":\"https:\\\/\\\/www.hotelkennedy.net\\\/pt-br\\\/?s={search_term_string}\"},\"query-input\":{\"@type\":\"PropertyValueSpecification\",\"valueRequired\":true,\"valueName\":\"search_term_string\"}}],\"inLanguage\":\"pt-BR\"}]}<\/script>\n<!-- \/ Yoast SEO plugin. -->","yoast_head_json":{"title":"Onde estamos &#183; Hotel Kennedy &#183;","description":"A localiza\u00e7\u00e3o do Hotel Kennedy \u00e9 estrat\u00e9gica: o hotel \u00e9 em Roma perto da esta\u00e7\u00e3o Termini, a apenas 5 minutos a p\u00e9 da esta\u00e7\u00e3o principal de Roma.  Daqui partem as principais linhas de \u00f4nibus e metr\u00f4.  Perto de nosso hotel em Roma Termini voc\u00ea vai encontrar muitos monumentos interessantes para visitar: as Termas de Diocleciano, o Museu Nacional Romano, o Teatro da \u00d3pera, a Via Nazionale, a Igreja de San Pietro in Vincoli, o Arco Romano de Galiano e a Igreja de S\u00e3o Vito, a Bas\u00edlica de S. Maria Maggiore, o Aqu\u00e1rio Romano (Casa da Arquitetura) e Rione Monti.  Do nosso hotel em Roma Termini o Coliseu, o F\u00f3rum Romano, a Domus Aurea e o Parque de Trajano ficam a apenas 1 km de dist\u00e2ncia","robots":{"index":"index","follow":"follow","max-snippet":"max-snippet:-1","max-image-preview":"max-image-preview:large","max-video-preview":"max-video-preview:-1"},"canonical":"https:\/\/www.hotelkennedy.net\/pt-br\/onde-estamos\/","og_locale":"pt_BR","og_type":"article","og_title":"Onde estamos &#183; Hotel Kennedy &#183;","og_description":"A localiza\u00e7\u00e3o do Hotel Kennedy \u00e9 estrat\u00e9gica: o hotel \u00e9 em Roma perto da esta\u00e7\u00e3o Termini, a apenas 5 minutos a p\u00e9 da esta\u00e7\u00e3o principal de Roma.  Daqui partem as principais linhas de \u00f4nibus e metr\u00f4.  Perto de nosso hotel em Roma Termini voc\u00ea vai encontrar muitos monumentos interessantes para visitar: as Termas de Diocleciano, o Museu Nacional Romano, o Teatro da \u00d3pera, a Via Nazionale, a Igreja de San Pietro in Vincoli, o Arco Romano de Galiano e a Igreja de S\u00e3o Vito, a Bas\u00edlica de S. Maria Maggiore, o Aqu\u00e1rio Romano (Casa da Arquitetura) e Rione Monti.  Do nosso hotel em Roma Termini o Coliseu, o F\u00f3rum Romano, a Domus Aurea e o Parque de Trajano ficam a apenas 1 km de dist\u00e2ncia","og_url":"https:\/\/www.hotelkennedy.net\/pt-br\/onde-estamos\/","og_site_name":"Hotel Kennedy","article_modified_time":"2024-02-08T15:53:11+00:00","twitter_card":"summary_large_image","twitter_misc":{"Est. tempo de leitura":"1 minuto"},"schema":{"@context":"https:\/\/schema.org","@graph":[{"@type":"WebPage","@id":"https:\/\/www.hotelkennedy.net\/pt-br\/onde-estamos\/","url":"https:\/\/www.hotelkennedy.net\/pt-br\/onde-estamos\/","name":"Onde estamos &#183; Hotel Kennedy &#183;","isPartOf":{"@id":"https:\/\/www.hotelkennedy.net\/pt-br\/#website"},"datePublished":"2023-11-27T13:46:15+00:00","dateModified":"2024-02-08T15:53:11+00:00","description":"A localiza\u00e7\u00e3o do Hotel Kennedy \u00e9 estrat\u00e9gica: o hotel \u00e9 em Roma perto da esta\u00e7\u00e3o Termini, a apenas 5 minutos a p\u00e9 da esta\u00e7\u00e3o principal de Roma. Daqui partem as principais linhas de \u00f4nibus e metr\u00f4. Perto de nosso hotel em Roma Termini voc\u00ea vai encontrar muitos monumentos interessantes para visitar: as Termas de Diocleciano, o Museu Nacional Romano, o Teatro da \u00d3pera, a Via Nazionale, a Igreja de San Pietro in Vincoli, o Arco Romano de Galiano e a Igreja de S\u00e3o Vito, a Bas\u00edlica de S. Maria Maggiore, o Aqu\u00e1rio Romano (Casa da Arquitetura) e Rione Monti. Do nosso hotel em Roma Termini o Coliseu, o F\u00f3rum Romano, a Domus Aurea e o Parque de Trajano ficam a apenas 1 km de dist\u00e2ncia","breadcrumb":{"@id":"https:\/\/www.hotelkennedy.net\/pt-br\/onde-estamos\/#breadcrumb"},"inLanguage":"pt-BR","potentialAction":[{"@type":"ReadAction","target":["https:\/\/www.hotelkennedy.net\/pt-br\/onde-estamos\/"]}]},{"@type":"BreadcrumbList","@id":"https:\/\/www.hotelkennedy.net\/pt-br\/onde-estamos\/#breadcrumb","itemListElement":[{"@type":"ListItem","position":1,"name":"Home","item":"https:\/\/www.hotelkennedy.net\/pt-br\/"},{"@type":"ListItem","position":2,"name":"Onde estamos"}]},{"@type":"WebSite","@id":"https:\/\/www.hotelkennedy.net\/pt-br\/#website","url":"https:\/\/www.hotelkennedy.net\/pt-br\/","name":"Hotel Kennedy","description":"","potentialAction":[{"@type":"SearchAction","target":{"@type":"EntryPoint","urlTemplate":"https:\/\/www.hotelkennedy.net\/pt-br\/?s={search_term_string}"},"query-input":{"@type":"PropertyValueSpecification","valueRequired":true,"valueName":"search_term_string"}}],"inLanguage":"pt-BR"}]}},"acf":[],"_links":{"self":[{"href":"https:\/\/www.hotelkennedy.net\/pt-br\/wp-json\/wp\/v2\/pages\/435","targetHints":{"allow":["GET"]}}],"collection":[{"href":"https:\/\/www.hotelkennedy.net\/pt-br\/wp-json\/wp\/v2\/pages"}],"about":[{"href":"https:\/\/www.hotelkennedy.net\/pt-br\/wp-json\/wp\/v2\/types\/page"}],"author":[{"embeddable":true,"href":"https:\/\/www.hotelkennedy.net\/pt-br\/wp-json\/wp\/v2\/users\/26"}],"replies":[{"embeddable":true,"href":"https:\/\/www.hotelkennedy.net\/pt-br\/wp-json\/wp\/v2\/comments?post=435"}],"version-history":[{"count":0,"href":"https:\/\/www.hotelkennedy.net\/pt-br\/wp-json\/wp\/v2\/pages\/435\/revisions"}],"wp:attachment":[{"href":"https:\/\/www.hotelkennedy.net\/pt-br\/wp-json\/wp\/v2\/media?parent=435"}],"curies":[{"name":"wp","href":"https:\/\/api.w.org\/{rel}","templated":true}]}}