{"id":443,"date":"2023-11-27T14:44:51","date_gmt":"2023-11-27T13:44:51","guid":{"rendered":"https:\/\/hotelkennedy.ms2.decms.eu\/?page_id=443"},"modified":"2024-02-08T17:00:46","modified_gmt":"2024-02-08T16:00:46","slug":"hotel-de-negocios","status":"publish","type":"page","link":"https:\/\/www.hotelkennedy.net\/pt-br\/hotel-de-negocios\/","title":{"rendered":"Hotel de Neg\u00f3cios"},"content":{"rendered":"<p>Apesar de n\u00e3o ter sido estabelecido como um hotel de neg\u00f3cios em Roma, o Hotel Kennedy \u00e9 capaz de preencher at\u00e9 mesmo as <strong>exig\u00eancias da clientela <em>business<\/em><\/strong>.<br \/>\nO Hotel Kennedy disp\u00f5e de pequenas salas chamadas <strong>\u201clobby rooms\u201d<\/strong>, onde voc\u00ea pode organizar reuni\u00f5es de neg\u00f3cios privativas, em um ambiente profissional mas ao mesmo tempo informal e sem a rigidez t\u00edpica de um hotel de neg\u00f3cios.<\/p>\n<p>Dentro de todo a estrutura est\u00e1 dispon\u00edvel <strong>conex\u00e3o Wi-Fi<\/strong> gratuita em fibra \u00f3tica. Mediante pedido, disponibilizamos aos nossos clientes empresariais um servi\u00e7o de <strong>fax e fotoc\u00f3pia<\/strong>.<\/p>\n","protected":false},"excerpt":{"rendered":"<p>Apesar de n\u00e3o ter sido estabelecido como um hotel de neg\u00f3cios em Roma, o Hotel Kennedy \u00e9 capaz de preencher at\u00e9 mesmo as exig\u00eancias da clientela business. O Hotel Kennedy disp\u00f5e de pequenas salas chamadas \u201clobby rooms\u201d, onde voc\u00ea pode organizar reuni\u00f5es de neg\u00f3cios privativas, em um ambiente profissional mas ao mesmo tempo informal e [&hellip;]<\/p>\n","protected":false},"author":26,"featured_media":0,"parent":0,"menu_order":50,"comment_status":"closed","ping_status":"closed","template":"","meta":{"footnotes":""},"class_list":["post-443","page","type-page","status-publish","hentry"],"yoast_head":"<!-- This site is optimized with the Yoast SEO plugin v27.3 - https:\/\/yoast.com\/product\/yoast-seo-wordpress\/ -->\n<title>Hotel de Neg\u00f3cios &#183; Hotel Kennedy &#183;<\/title>\n<meta name=\"description\" content=\"Apesar de n\u00e3o ter sido estabelecido como um hotel de neg\u00f3cios em Roma, o Hotel Kennedy \u00e9 capaz de preencher at\u00e9 mesmo as exig\u00eancias da clientela business. O Hotel Kennedy disp\u00f5e de pequenas salas chamadas \u201clobby rooms\u201d, onde voc\u00ea pode organizar reuni\u00f5es de neg\u00f3cios privativas, em um ambiente profissional mas ao mesmo tempo informal e sem a rigidez t\u00edpica de um hotel de neg\u00f3cios.  Dentro de todo a estrutura est\u00e1 dispon\u00edvel conex\u00e3o Wi-Fi gratuita em fibra \u00f3tica. Mediante pedido, disponibilizamos aos nossos clientes empresariais um servi\u00e7o de fax e fotoc\u00f3pia.\" \/>\n<meta name=\"robots\" content=\"index, follow, max-snippet:-1, max-image-preview:large, max-video-preview:-1\" \/>\n<link rel=\"canonical\" href=\"https:\/\/www.hotelkennedy.net\/pt-br\/hotel-de-negocios\/\" \/>\n<meta property=\"og:locale\" content=\"pt_BR\" \/>\n<meta property=\"og:type\" content=\"article\" \/>\n<meta property=\"og:title\" content=\"Hotel de Neg\u00f3cios &#183; Hotel Kennedy &#183;\" \/>\n<meta property=\"og:description\" content=\"Apesar de n\u00e3o ter sido estabelecido como um hotel de neg\u00f3cios em Roma, o Hotel Kennedy \u00e9 capaz de preencher at\u00e9 mesmo as exig\u00eancias da clientela business. O Hotel Kennedy disp\u00f5e de pequenas salas chamadas \u201clobby rooms\u201d, onde voc\u00ea pode organizar reuni\u00f5es de neg\u00f3cios privativas, em um ambiente profissional mas ao mesmo tempo informal e sem a rigidez t\u00edpica de um hotel de neg\u00f3cios.  Dentro de todo a estrutura est\u00e1 dispon\u00edvel conex\u00e3o Wi-Fi gratuita em fibra \u00f3tica. Mediante pedido, disponibilizamos aos nossos clientes empresariais um servi\u00e7o de fax e fotoc\u00f3pia.\" \/>\n<meta property=\"og:url\" content=\"https:\/\/www.hotelkennedy.net\/pt-br\/hotel-de-negocios\/\" \/>\n<meta property=\"og:site_name\" content=\"Hotel Kennedy\" \/>\n<meta property=\"article:modified_time\" content=\"2024-02-08T16:00:46+00:00\" \/>\n<meta name=\"twitter:card\" content=\"summary_large_image\" \/>\n<meta name=\"twitter:label1\" content=\"Est. tempo de leitura\" \/>\n\t<meta name=\"twitter:data1\" content=\"1 minuto\" \/>\n<script type=\"application\/ld+json\" class=\"yoast-schema-graph\">{\"@context\":\"https:\\\/\\\/schema.org\",\"@graph\":[{\"@type\":\"WebPage\",\"@id\":\"https:\\\/\\\/www.hotelkennedy.net\\\/pt-br\\\/hotel-de-negocios\\\/\",\"url\":\"https:\\\/\\\/www.hotelkennedy.net\\\/pt-br\\\/hotel-de-negocios\\\/\",\"name\":\"Hotel de Neg\u00f3cios &#183; Hotel Kennedy &#183;\",\"isPartOf\":{\"@id\":\"https:\\\/\\\/www.hotelkennedy.net\\\/pt-br\\\/#website\"},\"datePublished\":\"2023-11-27T13:44:51+00:00\",\"dateModified\":\"2024-02-08T16:00:46+00:00\",\"description\":\"Apesar de n\u00e3o ter sido estabelecido como um hotel de neg\u00f3cios em Roma, o Hotel Kennedy \u00e9 capaz de preencher at\u00e9 mesmo as exig\u00eancias da clientela business. O Hotel Kennedy disp\u00f5e de pequenas salas chamadas \u201clobby rooms\u201d, onde voc\u00ea pode organizar reuni\u00f5es de neg\u00f3cios privativas, em um ambiente profissional mas ao mesmo tempo informal e sem a rigidez t\u00edpica de um hotel de neg\u00f3cios. Dentro de todo a estrutura est\u00e1 dispon\u00edvel conex\u00e3o Wi-Fi gratuita em fibra \u00f3tica. Mediante pedido, disponibilizamos aos nossos clientes empresariais um servi\u00e7o de fax e fotoc\u00f3pia.\",\"breadcrumb\":{\"@id\":\"https:\\\/\\\/www.hotelkennedy.net\\\/pt-br\\\/hotel-de-negocios\\\/#breadcrumb\"},\"inLanguage\":\"pt-BR\",\"potentialAction\":[{\"@type\":\"ReadAction\",\"target\":[\"https:\\\/\\\/www.hotelkennedy.net\\\/pt-br\\\/hotel-de-negocios\\\/\"]}]},{\"@type\":\"BreadcrumbList\",\"@id\":\"https:\\\/\\\/www.hotelkennedy.net\\\/pt-br\\\/hotel-de-negocios\\\/#breadcrumb\",\"itemListElement\":[{\"@type\":\"ListItem\",\"position\":1,\"name\":\"Home\",\"item\":\"https:\\\/\\\/www.hotelkennedy.net\\\/pt-br\\\/\"},{\"@type\":\"ListItem\",\"position\":2,\"name\":\"Hotel de Neg\u00f3cios\"}]},{\"@type\":\"WebSite\",\"@id\":\"https:\\\/\\\/www.hotelkennedy.net\\\/pt-br\\\/#website\",\"url\":\"https:\\\/\\\/www.hotelkennedy.net\\\/pt-br\\\/\",\"name\":\"Hotel Kennedy\",\"description\":\"\",\"potentialAction\":[{\"@type\":\"SearchAction\",\"target\":{\"@type\":\"EntryPoint\",\"urlTemplate\":\"https:\\\/\\\/www.hotelkennedy.net\\\/pt-br\\\/?s={search_term_string}\"},\"query-input\":{\"@type\":\"PropertyValueSpecification\",\"valueRequired\":true,\"valueName\":\"search_term_string\"}}],\"inLanguage\":\"pt-BR\"}]}<\/script>\n<!-- \/ Yoast SEO plugin. -->","yoast_head_json":{"title":"Hotel de Neg\u00f3cios &#183; Hotel Kennedy &#183;","description":"Apesar de n\u00e3o ter sido estabelecido como um hotel de neg\u00f3cios em Roma, o Hotel Kennedy \u00e9 capaz de preencher at\u00e9 mesmo as exig\u00eancias da clientela business. O Hotel Kennedy disp\u00f5e de pequenas salas chamadas \u201clobby rooms\u201d, onde voc\u00ea pode organizar reuni\u00f5es de neg\u00f3cios privativas, em um ambiente profissional mas ao mesmo tempo informal e sem a rigidez t\u00edpica de um hotel de neg\u00f3cios.  Dentro de todo a estrutura est\u00e1 dispon\u00edvel conex\u00e3o Wi-Fi gratuita em fibra \u00f3tica. Mediante pedido, disponibilizamos aos nossos clientes empresariais um servi\u00e7o de fax e fotoc\u00f3pia.","robots":{"index":"index","follow":"follow","max-snippet":"max-snippet:-1","max-image-preview":"max-image-preview:large","max-video-preview":"max-video-preview:-1"},"canonical":"https:\/\/www.hotelkennedy.net\/pt-br\/hotel-de-negocios\/","og_locale":"pt_BR","og_type":"article","og_title":"Hotel de Neg\u00f3cios &#183; Hotel Kennedy &#183;","og_description":"Apesar de n\u00e3o ter sido estabelecido como um hotel de neg\u00f3cios em Roma, o Hotel Kennedy \u00e9 capaz de preencher at\u00e9 mesmo as exig\u00eancias da clientela business. O Hotel Kennedy disp\u00f5e de pequenas salas chamadas \u201clobby rooms\u201d, onde voc\u00ea pode organizar reuni\u00f5es de neg\u00f3cios privativas, em um ambiente profissional mas ao mesmo tempo informal e sem a rigidez t\u00edpica de um hotel de neg\u00f3cios.  Dentro de todo a estrutura est\u00e1 dispon\u00edvel conex\u00e3o Wi-Fi gratuita em fibra \u00f3tica. Mediante pedido, disponibilizamos aos nossos clientes empresariais um servi\u00e7o de fax e fotoc\u00f3pia.","og_url":"https:\/\/www.hotelkennedy.net\/pt-br\/hotel-de-negocios\/","og_site_name":"Hotel Kennedy","article_modified_time":"2024-02-08T16:00:46+00:00","twitter_card":"summary_large_image","twitter_misc":{"Est. tempo de leitura":"1 minuto"},"schema":{"@context":"https:\/\/schema.org","@graph":[{"@type":"WebPage","@id":"https:\/\/www.hotelkennedy.net\/pt-br\/hotel-de-negocios\/","url":"https:\/\/www.hotelkennedy.net\/pt-br\/hotel-de-negocios\/","name":"Hotel de Neg\u00f3cios &#183; Hotel Kennedy &#183;","isPartOf":{"@id":"https:\/\/www.hotelkennedy.net\/pt-br\/#website"},"datePublished":"2023-11-27T13:44:51+00:00","dateModified":"2024-02-08T16:00:46+00:00","description":"Apesar de n\u00e3o ter sido estabelecido como um hotel de neg\u00f3cios em Roma, o Hotel Kennedy \u00e9 capaz de preencher at\u00e9 mesmo as exig\u00eancias da clientela business. O Hotel Kennedy disp\u00f5e de pequenas salas chamadas \u201clobby rooms\u201d, onde voc\u00ea pode organizar reuni\u00f5es de neg\u00f3cios privativas, em um ambiente profissional mas ao mesmo tempo informal e sem a rigidez t\u00edpica de um hotel de neg\u00f3cios. Dentro de todo a estrutura est\u00e1 dispon\u00edvel conex\u00e3o Wi-Fi gratuita em fibra \u00f3tica. Mediante pedido, disponibilizamos aos nossos clientes empresariais um servi\u00e7o de fax e fotoc\u00f3pia.","breadcrumb":{"@id":"https:\/\/www.hotelkennedy.net\/pt-br\/hotel-de-negocios\/#breadcrumb"},"inLanguage":"pt-BR","potentialAction":[{"@type":"ReadAction","target":["https:\/\/www.hotelkennedy.net\/pt-br\/hotel-de-negocios\/"]}]},{"@type":"BreadcrumbList","@id":"https:\/\/www.hotelkennedy.net\/pt-br\/hotel-de-negocios\/#breadcrumb","itemListElement":[{"@type":"ListItem","position":1,"name":"Home","item":"https:\/\/www.hotelkennedy.net\/pt-br\/"},{"@type":"ListItem","position":2,"name":"Hotel de Neg\u00f3cios"}]},{"@type":"WebSite","@id":"https:\/\/www.hotelkennedy.net\/pt-br\/#website","url":"https:\/\/www.hotelkennedy.net\/pt-br\/","name":"Hotel Kennedy","description":"","potentialAction":[{"@type":"SearchAction","target":{"@type":"EntryPoint","urlTemplate":"https:\/\/www.hotelkennedy.net\/pt-br\/?s={search_term_string}"},"query-input":{"@type":"PropertyValueSpecification","valueRequired":true,"valueName":"search_term_string"}}],"inLanguage":"pt-BR"}]}},"acf":[],"_links":{"self":[{"href":"https:\/\/www.hotelkennedy.net\/pt-br\/wp-json\/wp\/v2\/pages\/443","targetHints":{"allow":["GET"]}}],"collection":[{"href":"https:\/\/www.hotelkennedy.net\/pt-br\/wp-json\/wp\/v2\/pages"}],"about":[{"href":"https:\/\/www.hotelkennedy.net\/pt-br\/wp-json\/wp\/v2\/types\/page"}],"author":[{"embeddable":true,"href":"https:\/\/www.hotelkennedy.net\/pt-br\/wp-json\/wp\/v2\/users\/26"}],"replies":[{"embeddable":true,"href":"https:\/\/www.hotelkennedy.net\/pt-br\/wp-json\/wp\/v2\/comments?post=443"}],"version-history":[{"count":0,"href":"https:\/\/www.hotelkennedy.net\/pt-br\/wp-json\/wp\/v2\/pages\/443\/revisions"}],"wp:attachment":[{"href":"https:\/\/www.hotelkennedy.net\/pt-br\/wp-json\/wp\/v2\/media?parent=443"}],"curies":[{"name":"wp","href":"https:\/\/api.w.org\/{rel}","templated":true}]}}